{"id":177,"date":"2018-02-26T22:38:48","date_gmt":"2018-02-26T20:38:48","guid":{"rendered":"https:\/\/deltashrimps.es\/?page_id=177"},"modified":"2018-02-26T22:38:48","modified_gmt":"2018-02-26T20:38:48","slug":"use-of-cookies","status":"publish","type":"page","link":"https:\/\/deltashrimps.es\/en\/use-of-cookies\/","title":{"rendered":"Use of cookies"},"content":{"rendered":"<div style=\"margin: 0px 35px 0px 35px;\">\n<h1>Uso de cookies<\/h1>\n<h2>Qu\u00e9 son las cookies y por qu\u00e9 las utilizamos en las webs de Delta Shrimps<\/h2>\n<p>Una cookie es un fichero que se descarga en el dispositivo del usuario al acceder a determinadas p\u00e1ginas web para almacenar y recuperar informaci\u00f3n sobre la navegaci\u00f3n que se efect\u00faa desde dicho equipo.<\/p>\n<p>Las cookies permiten a dicha web, entre otras cosas, almacenar y recuperar informaci\u00f3n sobre las decisiones y h\u00e1bitos del usuario. En Delta Shrimps las utilizamos para personalizar la experiencia dentro de nuestras webs, identificar y recordar al usuario registrado y facilitar la navegaci\u00f3n.<\/p>\n<p>Es importante destacar que el uso de cookies no proporciona datos personales del usuario, que de cara a Delta Shrimps permanece an\u00f3nimo.<\/p>\n<p>El usuario puede configurar su navegador para no aceptar el uso de cookies, en cuyo caso la personalizaci\u00f3n de la experiencia no se aplicar\u00eda aunque s\u00ed podr\u00e1 seguir accediendo a los contenidos de nuestras webs con normalidad.<\/p>\n<p>En la p\u00e1gina de Wikipedia (<a href=\"http:\/\/es.wikipedia.org\/wiki\/Cookie_(inform%C3%A1tica)\" target=\"_blank\" rel=\"noopener\">http:\/\/es.wikipedia.org\/wiki\/Cookie_(inform\u00e1tica)<\/a>) es posible obtener m\u00e1s informaci\u00f3n acerca de qu\u00e9 con las cookies y c\u00f3mo funcionan.<\/p>\n<h2>Qu\u00e9 tipo de cookies utilizan las webs de Delta Shrimps<\/h2>\n<p>Las Cookies, en funci\u00f3n de su permanencia, pueden dividirse en Cookies de sesi\u00f3n o permanentes. Las primeras expiran cuando el usuario cierra el navegador. Las segundas expiran en funci\u00f3n cuando se cumpla el objetivo para el que sirven (por ejemplo, para que el usuario se mantenga identificado en las webs y servicios de Delta Shrimps) o bien cuando se borran manualmente.<\/p>\n<p>Adicionalmente, en funci\u00f3n de su objetivo, las Cookies pueden clasificarse de la siguiente forma:<\/p>\n<p><strong>Cookies t\u00e9cnicas:<\/strong> las Cookies t\u00e9cnicas son cookies propias y temporales que, este caso concreto, permiten al navegador recordar ciertos aspectos como el idioma de visita de la web, as\u00ed como la visibilidad de la barra de cookies, en funci\u00f3n de si se han aceptado o no las condiciones.<\/p>\n<p><strong>Cookies de registro:<\/strong> las Cookies de registro son cookies propias y temporales que se generan una vez que el Usuario se ha registrado o posteriormente ha abierto su sesi\u00f3n, y se utilizan para identificarle en las web y servicios con los siguientes objetivos:<\/p>\n<ul>\n<li>Mantener al usuario identificado de forma que, si cierra un servicio o web, el navegador o el ordenador y en otro momento u otro d\u00eda vuelve a entrar en dicho servicio o web, seguir\u00e1 identificado, facilitando as\u00ed su navegaci\u00f3n sin tener que volver a identificarse. Esta funcionalidad se puede suprimir si el usuario pulsa la funcionalidad \u201cSalir\u201d, de forma que esta Cookie se elimina y la pr\u00f3xima vez que entre en la web el usuario tendr\u00e1 que iniciar sesi\u00f3n para estar identificado.<\/li>\n<li>Comprobar si el usuario est\u00e1 autorizado para acceder a ciertos servicios, por ejemplo, para participar en un concurso.<\/li>\n<\/ul>\n<p><strong>Cookies de anal\u00edtica:<\/strong> cada vez que un Usuario visita una Web o Servicio, una herramienta de un proveedor externo (Google Analytics y similares) genera una cookie anal\u00edtica, temporal, y que puede ser propia o de terceros, en el dispositivo del usuario. Esta cookie que s\u00f3lo se genera en la visita, servir\u00e1 en pr\u00f3ximas visitas a los servicios de Delta Shrimps para identificar de forma an\u00f3nima al visitante. Los objetivos principales que se persiguen son:<\/p>\n<ul>\n<li>Permitir la identificaci\u00f3n an\u00f3nima de los usuarios navegantes a trav\u00e9s de la \u201cCookie\u201d (identifica navegadores y dispositivos, no personas) y por lo tanto la contabilizaci\u00f3n aproximada del n\u00famero de visitantes y su tendencia en el tiempo.<\/li>\n<li>Identificar de forma an\u00f3nima los contenidos m\u00e1s visitados y por lo tanto m\u00e1s atractivos para los usuarios<\/li>\n<li>Saber si el usuario que est\u00e1 accediendo es nuevo o repite visita.<\/li>\n<\/ul>\n<p><em>Importante:<\/em> Salvo que el Usuario decida registrarse en alguna web de Delta Shrimps, la cookie nunca ir\u00e1 asociada a ning\u00fan dato de car\u00e1cter personal que pueda identificarle. Dichas cookies s\u00f3lo ser\u00e1n utilizadas con prop\u00f3sitos estad\u00edsticos que ayuden a la optimizaci\u00f3n de la experiencia de los usuarios en el sitio.<\/p>\n<p><strong>Otras cookies de Google:<\/strong> Google utiliza otras cookies de terceros para permitir que funcionen los m\u00f3dulos de Google Maps y, eventualmente, Google Calendar.<\/p>\n<p>Todo lo relativo a las cookies de Google, tanto anal\u00edticas como de otros tipos, as\u00ed como su administraci\u00f3n y configuraci\u00f3n se puede consultar en:<\/p>\n<ul>\n<li><a href=\"http:\/\/www.google.es\/intl\/es\/policies\/technologies\/types\/\" target=\"_blank\" rel=\"noopener\">Google<\/a><\/li>\n<li><a href=\"https:\/\/developers.google.com\/analytics\/devguides\/collection\/analyticsjs\/cookie-usage\" target=\"_blank\" rel=\"noopener\">Google Analytics<\/a><\/li>\n<\/ul>\n<h2>C\u00f3mo deshabilitar las cookies en el navegador<\/h2>\n<p>La mayor\u00eda de navegadores actualmente permiten al usuario configurar si desean aceptar cookies y cu\u00e1les de ellas. Estos ajustes normalmente se encuentra en las \u2018opciones\u2019 o \u2018Preferencias\u2019 del men\u00fa de su navegador.<\/p>\n<p>Estas son las instrucciones para configurar las cookies en los principales navegadores:<\/p>\n<ul>\n<li><strong><a href=\"https:\/\/support.google.com\/chrome\/answer\/95647?hl=es\" target=\"_blank\" rel=\"noopener\">Google Chrome<\/a>:<\/strong> Configuraci\u00f3n -&gt; Mostrar opciones avanzadas -&gt; Privacidad -&gt; Configuraci\u00f3n de contenido. Para m\u00e1s informaci\u00f3n, puede consultar el soporte de Google o la Ayuda del navegador.<\/li>\n<li><strong><a href=\"https:\/\/support.mozilla.org\/es\/kb\/habilitar-y-deshabilitar-cookies-que-los-sitios-we\" target=\"_blank\" rel=\"noopener\">Mozila Firefox<\/a>:<\/strong> Herramientas -&gt; Opciones -&gt; Privacidad -&gt; Historial -&gt; Configuraci\u00f3n Personalizada. Para m\u00e1s informaci\u00f3n, puede consultar el soporte de Mozilla o la Ayuda del navegador.<\/li>\n<li><strong><a href=\"http:\/\/windows.microsoft.com\/es-es\/windows7\/how-to-manage-cookies-in-internet-explorer-9\" target=\"_blank\" rel=\"noopener\">Internet Explorer<\/a>:<\/strong> Herramientas -&gt; Opciones de Internet -&gt; Privacidad -&gt; Configuraci\u00f3n. Para m\u00e1s informaci\u00f3n, puede consultar el soporte de Microsoft o la Ayuda del navegador.<\/li>\n<li><strong><a href=\"http:\/\/support.apple.com\/kb\/ph5042\" target=\"_blank\" rel=\"noopener\">Apple Safari<\/a>:<\/strong> Preferencias -&gt; Seguridad. Para m\u00e1s informaci\u00f3n, puede consultar el soporte de Apple o la Ayuda del navegador.<\/li>\n<\/ul>\n<p>Si decide deshabilitar las Cookies no podremos ofrecerle algunas de las funcionalidades de la web.<\/p>\n<h2>Actualizaci\u00f3n de cookies<\/h2>\n<p>Las cookies de Delta Shrimps pueden ser actualizadas por lo que aconsejamos que revisen nuestra pol\u00edtica de forma peri\u00f3dica.<\/p>\n<\/div>\n","protected":false},"excerpt":{"rendered":"<p>Uso de cookies Qu\u00e9 son las cookies y por qu\u00e9 las utilizamos en las webs de Delta Shrimps Una cookie es un fichero que se descarga en el dispositivo del usuario al acceder a determinadas p\u00e1ginas web para almacenar y recuperar informaci\u00f3n sobre la navegaci\u00f3n que se efect\u00faa desde dicho equipo. Las cookies permiten a [&hellip;]<\/p>\n","protected":false},"author":1,"featured_media":0,"parent":0,"menu_order":970,"comment_status":"closed","ping_status":"open","template":"","meta":{"footnotes":""},"yoast_head":"<!-- This site is optimized with the Yoast SEO plugin v22.8 - https:\/\/yoast.com\/wordpress\/plugins\/seo\/ -->\n<title>Delta Shrimps - Use of cookies<\/title>\n<meta name=\"description\" content=\"Uso de cookies Qu\u00e9 son las cookies y por qu\u00e9 las utilizamos en las webs de Delta Shrimps\" \/>\n<meta name=\"robots\" content=\"index, follow, max-snippet:-1, max-image-preview:large, max-video-preview:-1\" \/>\n<link rel=\"canonical\" href=\"https:\/\/deltashrimps.es\/en\/use-of-cookies\/\" \/>\n<meta name=\"twitter:label1\" content=\"Est. reading time\" \/>\n\t<meta name=\"twitter:data1\" content=\"5 minutes\" \/>\n<script type=\"application\/ld+json\" class=\"yoast-schema-graph\">{\"@context\":\"https:\/\/schema.org\",\"@graph\":[{\"@type\":\"WebPage\",\"@id\":\"https:\/\/deltashrimps.es\/en\/use-of-cookies\/\",\"url\":\"https:\/\/deltashrimps.es\/en\/use-of-cookies\/\",\"name\":\"Delta Shrimps - Use of cookies\",\"isPartOf\":{\"@id\":\"https:\/\/deltashrimps.es\/#website\"},\"datePublished\":\"2018-02-26T20:38:48+00:00\",\"dateModified\":\"2018-02-26T20:38:48+00:00\",\"description\":\"Uso de cookies Qu\u00e9 son las cookies y por qu\u00e9 las utilizamos en las webs de Delta Shrimps\",\"breadcrumb\":{\"@id\":\"https:\/\/deltashrimps.es\/en\/use-of-cookies\/#breadcrumb\"},\"inLanguage\":\"en-US\",\"potentialAction\":[{\"@type\":\"ReadAction\",\"target\":[\"https:\/\/deltashrimps.es\/en\/use-of-cookies\/\"]}]},{\"@type\":\"BreadcrumbList\",\"@id\":\"https:\/\/deltashrimps.es\/en\/use-of-cookies\/#breadcrumb\",\"itemListElement\":[{\"@type\":\"ListItem\",\"position\":1,\"name\":\"Portada\",\"item\":\"https:\/\/deltashrimps.es\/en\/home\/\"},{\"@type\":\"ListItem\",\"position\":2,\"name\":\"Use of cookies\"}]},{\"@type\":\"WebSite\",\"@id\":\"https:\/\/deltashrimps.es\/#website\",\"url\":\"https:\/\/deltashrimps.es\/\",\"name\":\"Delta Shrimps\",\"description\":\"Delta Shrimps\",\"potentialAction\":[{\"@type\":\"SearchAction\",\"target\":{\"@type\":\"EntryPoint\",\"urlTemplate\":\"https:\/\/deltashrimps.es\/?s={search_term_string}\"},\"query-input\":\"required name=search_term_string\"}],\"inLanguage\":\"en-US\"}]}<\/script>\n<!-- \/ Yoast SEO plugin. -->","yoast_head_json":{"title":"Delta Shrimps - Use of cookies","description":"Uso de cookies Qu\u00e9 son las cookies y por qu\u00e9 las utilizamos en las webs de Delta Shrimps","robots":{"index":"index","follow":"follow","max-snippet":"max-snippet:-1","max-image-preview":"max-image-preview:large","max-video-preview":"max-video-preview:-1"},"canonical":"https:\/\/deltashrimps.es\/en\/use-of-cookies\/","twitter_misc":{"Est. reading time":"5 minutes"},"schema":{"@context":"https:\/\/schema.org","@graph":[{"@type":"WebPage","@id":"https:\/\/deltashrimps.es\/en\/use-of-cookies\/","url":"https:\/\/deltashrimps.es\/en\/use-of-cookies\/","name":"Delta Shrimps - Use of cookies","isPartOf":{"@id":"https:\/\/deltashrimps.es\/#website"},"datePublished":"2018-02-26T20:38:48+00:00","dateModified":"2018-02-26T20:38:48+00:00","description":"Uso de cookies Qu\u00e9 son las cookies y por qu\u00e9 las utilizamos en las webs de Delta Shrimps","breadcrumb":{"@id":"https:\/\/deltashrimps.es\/en\/use-of-cookies\/#breadcrumb"},"inLanguage":"en-US","potentialAction":[{"@type":"ReadAction","target":["https:\/\/deltashrimps.es\/en\/use-of-cookies\/"]}]},{"@type":"BreadcrumbList","@id":"https:\/\/deltashrimps.es\/en\/use-of-cookies\/#breadcrumb","itemListElement":[{"@type":"ListItem","position":1,"name":"Portada","item":"https:\/\/deltashrimps.es\/en\/home\/"},{"@type":"ListItem","position":2,"name":"Use of cookies"}]},{"@type":"WebSite","@id":"https:\/\/deltashrimps.es\/#website","url":"https:\/\/deltashrimps.es\/","name":"Delta Shrimps","description":"Delta Shrimps","potentialAction":[{"@type":"SearchAction","target":{"@type":"EntryPoint","urlTemplate":"https:\/\/deltashrimps.es\/?s={search_term_string}"},"query-input":"required name=search_term_string"}],"inLanguage":"en-US"}]}},"_links":{"self":[{"href":"https:\/\/deltashrimps.es\/en\/wp-json\/wp\/v2\/pages\/177"}],"collection":[{"href":"https:\/\/deltashrimps.es\/en\/wp-json\/wp\/v2\/pages"}],"about":[{"href":"https:\/\/deltashrimps.es\/en\/wp-json\/wp\/v2\/types\/page"}],"author":[{"embeddable":true,"href":"https:\/\/deltashrimps.es\/en\/wp-json\/wp\/v2\/users\/1"}],"replies":[{"embeddable":true,"href":"https:\/\/deltashrimps.es\/en\/wp-json\/wp\/v2\/comments?post=177"}],"version-history":[{"count":3,"href":"https:\/\/deltashrimps.es\/en\/wp-json\/wp\/v2\/pages\/177\/revisions"}],"predecessor-version":[{"id":205,"href":"https:\/\/deltashrimps.es\/en\/wp-json\/wp\/v2\/pages\/177\/revisions\/205"}],"wp:attachment":[{"href":"https:\/\/deltashrimps.es\/en\/wp-json\/wp\/v2\/media?parent=177"}],"curies":[{"name":"wp","href":"https:\/\/api.w.org\/{rel}","templated":true}]}}