{"id":1306,"date":"2024-05-27T12:01:34","date_gmt":"2024-05-27T10:01:34","guid":{"rendered":"https:\/\/deltashrimps.es\/product\/cocktail-first-langostino-g\/"},"modified":"2024-06-14T10:26:58","modified_gmt":"2024-06-14T08:26:58","slug":"cocktail-first-lllagosti-g","status":"publish","type":"product","link":"https:\/\/deltashrimps.es\/ca\/producte\/cocktail-first-lllagosti-g\/","title":{"rendered":"Cocktail First &#8211; LLLAGOST\u00cd G"},"content":{"rendered":"<p>Aquest producte (Penaeus Vannamei) prov\u00e9 de l&#8217;Aq\u00fcicultura de diferents pa\u00efsos. Importat seguint estrictament la legislaci\u00f3 Europea.<\/p>\n<p>DELTA SHRIMPS compta amb una dilatada experi\u00e8ncia de m\u00e9s de 20 anys en l&#8217;elaboraci\u00f3 de Llagost\u00ed pelat cuit a Salmuera. Creant aix\u00ed una marca pr\u00f2pia de Qualitat.<\/p>\n<p>Per aix\u00f2 la varietat Cocktail First \u00e9s la millor elecci\u00f3.<\/p>\n","protected":false},"excerpt":{"rendered":"<p>Aquest producte (Penaeus Vannamei) prov\u00e9 de l&#8217;Aq\u00fcicultura de diferents pa\u00efsos. Importat seguint estrictament la legislaci\u00f3 Europea. DELTA SHRIMPS compta amb una dilatada experi\u00e8ncia de m\u00e9s de 20 anys en l&#8217;elaboraci\u00f3 de Llagost\u00ed pelat cuit a Salmuera. Creant aix\u00ed una marca pr\u00f2pia de Qualitat. Per aix\u00f2 la varietat Cocktail First \u00e9s la millor elecci\u00f3.<\/p>\n","protected":false},"featured_media":258,"comment_status":"closed","ping_status":"closed","template":"","meta":[],"product_cat":[40],"product_tag":[],"yoast_head":"<!-- This site is optimized with the Yoast SEO plugin v22.8 - https:\/\/yoast.com\/wordpress\/plugins\/seo\/ -->\n<title>Cocktail First - LLLAGOST\u00cd G - Delta Shrimps<\/title>\n<meta name=\"robots\" content=\"index, follow, max-snippet:-1, max-image-preview:large, max-video-preview:-1\" \/>\n<link rel=\"canonical\" href=\"https:\/\/deltashrimps.es\/ca\/producte\/cocktail-first-lllagosti-g\/\" \/>\n<meta name=\"twitter:label1\" content=\"Temps estimat de lectura\" \/>\n\t<meta name=\"twitter:data1\" content=\"1 minut\" \/>\n<script type=\"application\/ld+json\" class=\"yoast-schema-graph\">{\"@context\":\"https:\/\/schema.org\",\"@graph\":[{\"@type\":\"WebPage\",\"@id\":\"https:\/\/deltashrimps.es\/ca\/producte\/cocktail-first-lllagosti-g\/\",\"url\":\"https:\/\/deltashrimps.es\/ca\/producte\/cocktail-first-lllagosti-g\/\",\"name\":\"Cocktail First - LLLAGOST\u00cd G - Delta Shrimps\",\"isPartOf\":{\"@id\":\"https:\/\/deltashrimps.es\/#website\"},\"primaryImageOfPage\":{\"@id\":\"https:\/\/deltashrimps.es\/ca\/producte\/cocktail-first-lllagosti-g\/#primaryimage\"},\"image\":{\"@id\":\"https:\/\/deltashrimps.es\/ca\/producte\/cocktail-first-lllagosti-g\/#primaryimage\"},\"thumbnailUrl\":\"https:\/\/deltashrimps.es\/wp-content\/uploads\/2018\/02\/deltashrimps_gamba_g.jpg\",\"datePublished\":\"2024-05-27T10:01:34+00:00\",\"dateModified\":\"2024-06-14T08:26:58+00:00\",\"breadcrumb\":{\"@id\":\"https:\/\/deltashrimps.es\/ca\/producte\/cocktail-first-lllagosti-g\/#breadcrumb\"},\"inLanguage\":\"ca\",\"potentialAction\":[{\"@type\":\"ReadAction\",\"target\":[\"https:\/\/deltashrimps.es\/ca\/producte\/cocktail-first-lllagosti-g\/\"]}]},{\"@type\":\"ImageObject\",\"inLanguage\":\"ca\",\"@id\":\"https:\/\/deltashrimps.es\/ca\/producte\/cocktail-first-lllagosti-g\/#primaryimage\",\"url\":\"https:\/\/deltashrimps.es\/wp-content\/uploads\/2018\/02\/deltashrimps_gamba_g.jpg\",\"contentUrl\":\"https:\/\/deltashrimps.es\/wp-content\/uploads\/2018\/02\/deltashrimps_gamba_g.jpg\",\"width\":1024,\"height\":576},{\"@type\":\"BreadcrumbList\",\"@id\":\"https:\/\/deltashrimps.es\/ca\/producte\/cocktail-first-lllagosti-g\/#breadcrumb\",\"itemListElement\":[{\"@type\":\"ListItem\",\"position\":1,\"name\":\"Portada\",\"item\":\"https:\/\/deltashrimps.es\/ca\/inici\/\"},{\"@type\":\"ListItem\",\"position\":2,\"name\":\"Shop\",\"item\":\"https:\/\/deltashrimps.es\/?page_id=922\"},{\"@type\":\"ListItem\",\"position\":3,\"name\":\"Cocktail First &#8211; LLLAGOST\u00cd G\"}]},{\"@type\":\"WebSite\",\"@id\":\"https:\/\/deltashrimps.es\/#website\",\"url\":\"https:\/\/deltashrimps.es\/\",\"name\":\"Delta Shrimps\",\"description\":\"Delta Shrimps\",\"potentialAction\":[{\"@type\":\"SearchAction\",\"target\":{\"@type\":\"EntryPoint\",\"urlTemplate\":\"https:\/\/deltashrimps.es\/?s={search_term_string}\"},\"query-input\":\"required name=search_term_string\"}],\"inLanguage\":\"ca\"}]}<\/script>\n<!-- \/ Yoast SEO plugin. -->","yoast_head_json":{"title":"Cocktail First - LLLAGOST\u00cd G - Delta Shrimps","robots":{"index":"index","follow":"follow","max-snippet":"max-snippet:-1","max-image-preview":"max-image-preview:large","max-video-preview":"max-video-preview:-1"},"canonical":"https:\/\/deltashrimps.es\/ca\/producte\/cocktail-first-lllagosti-g\/","twitter_misc":{"Temps estimat de lectura":"1 minut"},"schema":{"@context":"https:\/\/schema.org","@graph":[{"@type":"WebPage","@id":"https:\/\/deltashrimps.es\/ca\/producte\/cocktail-first-lllagosti-g\/","url":"https:\/\/deltashrimps.es\/ca\/producte\/cocktail-first-lllagosti-g\/","name":"Cocktail First - LLLAGOST\u00cd G - Delta Shrimps","isPartOf":{"@id":"https:\/\/deltashrimps.es\/#website"},"primaryImageOfPage":{"@id":"https:\/\/deltashrimps.es\/ca\/producte\/cocktail-first-lllagosti-g\/#primaryimage"},"image":{"@id":"https:\/\/deltashrimps.es\/ca\/producte\/cocktail-first-lllagosti-g\/#primaryimage"},"thumbnailUrl":"https:\/\/deltashrimps.es\/wp-content\/uploads\/2018\/02\/deltashrimps_gamba_g.jpg","datePublished":"2024-05-27T10:01:34+00:00","dateModified":"2024-06-14T08:26:58+00:00","breadcrumb":{"@id":"https:\/\/deltashrimps.es\/ca\/producte\/cocktail-first-lllagosti-g\/#breadcrumb"},"inLanguage":"ca","potentialAction":[{"@type":"ReadAction","target":["https:\/\/deltashrimps.es\/ca\/producte\/cocktail-first-lllagosti-g\/"]}]},{"@type":"ImageObject","inLanguage":"ca","@id":"https:\/\/deltashrimps.es\/ca\/producte\/cocktail-first-lllagosti-g\/#primaryimage","url":"https:\/\/deltashrimps.es\/wp-content\/uploads\/2018\/02\/deltashrimps_gamba_g.jpg","contentUrl":"https:\/\/deltashrimps.es\/wp-content\/uploads\/2018\/02\/deltashrimps_gamba_g.jpg","width":1024,"height":576},{"@type":"BreadcrumbList","@id":"https:\/\/deltashrimps.es\/ca\/producte\/cocktail-first-lllagosti-g\/#breadcrumb","itemListElement":[{"@type":"ListItem","position":1,"name":"Portada","item":"https:\/\/deltashrimps.es\/ca\/inici\/"},{"@type":"ListItem","position":2,"name":"Shop","item":"https:\/\/deltashrimps.es\/?page_id=922"},{"@type":"ListItem","position":3,"name":"Cocktail First &#8211; LLLAGOST\u00cd G"}]},{"@type":"WebSite","@id":"https:\/\/deltashrimps.es\/#website","url":"https:\/\/deltashrimps.es\/","name":"Delta Shrimps","description":"Delta Shrimps","potentialAction":[{"@type":"SearchAction","target":{"@type":"EntryPoint","urlTemplate":"https:\/\/deltashrimps.es\/?s={search_term_string}"},"query-input":"required name=search_term_string"}],"inLanguage":"ca"}]}},"_links":{"self":[{"href":"https:\/\/deltashrimps.es\/ca\/wp-json\/wp\/v2\/product\/1306"}],"collection":[{"href":"https:\/\/deltashrimps.es\/ca\/wp-json\/wp\/v2\/product"}],"about":[{"href":"https:\/\/deltashrimps.es\/ca\/wp-json\/wp\/v2\/types\/product"}],"replies":[{"embeddable":true,"href":"https:\/\/deltashrimps.es\/ca\/wp-json\/wp\/v2\/comments?post=1306"}],"wp:featuredmedia":[{"embeddable":true,"href":"https:\/\/deltashrimps.es\/ca\/wp-json\/wp\/v2\/media\/258"}],"wp:attachment":[{"href":"https:\/\/deltashrimps.es\/ca\/wp-json\/wp\/v2\/media?parent=1306"}],"wp:term":[{"taxonomy":"product_cat","embeddable":true,"href":"https:\/\/deltashrimps.es\/ca\/wp-json\/wp\/v2\/product_cat?post=1306"},{"taxonomy":"product_tag","embeddable":true,"href":"https:\/\/deltashrimps.es\/ca\/wp-json\/wp\/v2\/product_tag?post=1306"}],"curies":[{"name":"wp","href":"https:\/\/api.w.org\/{rel}","templated":true}]}}