{"id":1282,"date":"2024-05-27T12:54:04","date_gmt":"2024-05-27T10:54:04","guid":{"rendered":"https:\/\/deltashrimps.es\/product\/colas-de-langostinos-tandoori-express\/"},"modified":"2024-06-14T10:24:21","modified_gmt":"2024-06-14T08:24:21","slug":"cues-de-llagostins-tandoori-express","status":"publish","type":"product","link":"https:\/\/deltashrimps.es\/ca\/producte\/cues-de-llagostins-tandoori-express\/","title":{"rendered":"CUES DE LLAGOSTINS TANDOORI EXPRESS"},"content":{"rendered":"<p>Ingredients:<\/p>\n<p>16 unitats de cua llagost\u00ed Cocktail First G.<\/p>\n<p>Pebre<\/p>\n<p>Sal<\/p>\n<p>1 iogurt natural<\/p>\n<p>4 cullerades soperes de Tandoori Masala<\/p>\n<p>Salpebreu les cues de llagost\u00ed Cocktail Frist G<\/p>\n<p>En un bol barregeu el iogurt i el tandoori masala.<\/p>\n<p>Introduir les cues de llagost\u00ed al bol i barrejar fins que quedin completament coberts.<\/p>\n<p>Reservar una hora a la nevera<\/p>\n<p>Preescalfar el forn a 220 \u00ba, introduir les cues de llagost\u00ed i enfornar 6 min. fins que la salsa formi una crosta.<\/p>\n<p>&nbsp;<\/p>\n<p>Taandari Masala \u00e9s una barreja d&#8217;esp\u00e8cies (es pot trobar ja feta):<\/p>\n<p>pebre vermell<br \/>\ncilandre m\u00f2lt o en gra<br \/>\ncom\u00ed m\u00f2lt o en gra<br \/>\ngingebre m\u00f2lt<br \/>\nall en pols<br \/>\ncuruma m\u00f2lta<br \/>\nroman\u00ed sec<br \/>\nfarigola seca<br \/>\ncardamom m\u00f2lt<br \/>\npebre negre m\u00f2lt<br \/>\npebre de canyena<br \/>\ncanyella m\u00f2lta<br \/>\nclau m\u00f2lt<\/p>\n","protected":false},"excerpt":{"rendered":"<p>Ingredients: 16 unitats de cua llagost\u00ed Cocktail First G. Pebre Sal 1 iogurt natural 4 cullerades soperes de Tandoori Masala Salpebreu les cues de llagost\u00ed Cocktail Frist G En un bol barregeu el iogurt i el tandoori masala. Introduir les cues de llagost\u00ed al bol i barrejar fins que quedin completament coberts. Reservar una hora [&hellip;]<\/p>\n","protected":false},"featured_media":987,"comment_status":"closed","ping_status":"closed","template":"","meta":[],"product_cat":[48],"product_tag":[],"yoast_head":"<!-- This site is optimized with the Yoast SEO plugin v22.8 - https:\/\/yoast.com\/wordpress\/plugins\/seo\/ -->\n<title>CUES DE LLAGOSTINS TANDOORI EXPRESS - Delta Shrimps<\/title>\n<meta name=\"robots\" content=\"index, follow, max-snippet:-1, max-image-preview:large, max-video-preview:-1\" \/>\n<link rel=\"canonical\" href=\"https:\/\/deltashrimps.es\/ca\/producte\/cues-de-llagostins-tandoori-express\/\" \/>\n<meta name=\"twitter:label1\" content=\"Temps estimat de lectura\" \/>\n\t<meta name=\"twitter:data1\" content=\"1 minut\" \/>\n<script type=\"application\/ld+json\" class=\"yoast-schema-graph\">{\"@context\":\"https:\/\/schema.org\",\"@graph\":[{\"@type\":\"WebPage\",\"@id\":\"https:\/\/deltashrimps.es\/ca\/producte\/cues-de-llagostins-tandoori-express\/\",\"url\":\"https:\/\/deltashrimps.es\/ca\/producte\/cues-de-llagostins-tandoori-express\/\",\"name\":\"CUES DE LLAGOSTINS TANDOORI EXPRESS - Delta Shrimps\",\"isPartOf\":{\"@id\":\"https:\/\/deltashrimps.es\/#website\"},\"primaryImageOfPage\":{\"@id\":\"https:\/\/deltashrimps.es\/ca\/producte\/cues-de-llagostins-tandoori-express\/#primaryimage\"},\"image\":{\"@id\":\"https:\/\/deltashrimps.es\/ca\/producte\/cues-de-llagostins-tandoori-express\/#primaryimage\"},\"thumbnailUrl\":\"https:\/\/deltashrimps.es\/wp-content\/uploads\/2024\/05\/03.jpg\",\"datePublished\":\"2024-05-27T10:54:04+00:00\",\"dateModified\":\"2024-06-14T08:24:21+00:00\",\"breadcrumb\":{\"@id\":\"https:\/\/deltashrimps.es\/ca\/producte\/cues-de-llagostins-tandoori-express\/#breadcrumb\"},\"inLanguage\":\"ca\",\"potentialAction\":[{\"@type\":\"ReadAction\",\"target\":[\"https:\/\/deltashrimps.es\/ca\/producte\/cues-de-llagostins-tandoori-express\/\"]}]},{\"@type\":\"ImageObject\",\"inLanguage\":\"ca\",\"@id\":\"https:\/\/deltashrimps.es\/ca\/producte\/cues-de-llagostins-tandoori-express\/#primaryimage\",\"url\":\"https:\/\/deltashrimps.es\/wp-content\/uploads\/2024\/05\/03.jpg\",\"contentUrl\":\"https:\/\/deltashrimps.es\/wp-content\/uploads\/2024\/05\/03.jpg\",\"width\":625,\"height\":463},{\"@type\":\"BreadcrumbList\",\"@id\":\"https:\/\/deltashrimps.es\/ca\/producte\/cues-de-llagostins-tandoori-express\/#breadcrumb\",\"itemListElement\":[{\"@type\":\"ListItem\",\"position\":1,\"name\":\"Portada\",\"item\":\"https:\/\/deltashrimps.es\/ca\/inici\/\"},{\"@type\":\"ListItem\",\"position\":2,\"name\":\"Shop\",\"item\":\"https:\/\/deltashrimps.es\/?page_id=922\"},{\"@type\":\"ListItem\",\"position\":3,\"name\":\"CUES DE LLAGOSTINS TANDOORI EXPRESS\"}]},{\"@type\":\"WebSite\",\"@id\":\"https:\/\/deltashrimps.es\/#website\",\"url\":\"https:\/\/deltashrimps.es\/\",\"name\":\"Delta Shrimps\",\"description\":\"Delta Shrimps\",\"potentialAction\":[{\"@type\":\"SearchAction\",\"target\":{\"@type\":\"EntryPoint\",\"urlTemplate\":\"https:\/\/deltashrimps.es\/?s={search_term_string}\"},\"query-input\":\"required name=search_term_string\"}],\"inLanguage\":\"ca\"}]}<\/script>\n<!-- \/ Yoast SEO plugin. -->","yoast_head_json":{"title":"CUES DE LLAGOSTINS TANDOORI EXPRESS - Delta Shrimps","robots":{"index":"index","follow":"follow","max-snippet":"max-snippet:-1","max-image-preview":"max-image-preview:large","max-video-preview":"max-video-preview:-1"},"canonical":"https:\/\/deltashrimps.es\/ca\/producte\/cues-de-llagostins-tandoori-express\/","twitter_misc":{"Temps estimat de lectura":"1 minut"},"schema":{"@context":"https:\/\/schema.org","@graph":[{"@type":"WebPage","@id":"https:\/\/deltashrimps.es\/ca\/producte\/cues-de-llagostins-tandoori-express\/","url":"https:\/\/deltashrimps.es\/ca\/producte\/cues-de-llagostins-tandoori-express\/","name":"CUES DE LLAGOSTINS TANDOORI EXPRESS - Delta Shrimps","isPartOf":{"@id":"https:\/\/deltashrimps.es\/#website"},"primaryImageOfPage":{"@id":"https:\/\/deltashrimps.es\/ca\/producte\/cues-de-llagostins-tandoori-express\/#primaryimage"},"image":{"@id":"https:\/\/deltashrimps.es\/ca\/producte\/cues-de-llagostins-tandoori-express\/#primaryimage"},"thumbnailUrl":"https:\/\/deltashrimps.es\/wp-content\/uploads\/2024\/05\/03.jpg","datePublished":"2024-05-27T10:54:04+00:00","dateModified":"2024-06-14T08:24:21+00:00","breadcrumb":{"@id":"https:\/\/deltashrimps.es\/ca\/producte\/cues-de-llagostins-tandoori-express\/#breadcrumb"},"inLanguage":"ca","potentialAction":[{"@type":"ReadAction","target":["https:\/\/deltashrimps.es\/ca\/producte\/cues-de-llagostins-tandoori-express\/"]}]},{"@type":"ImageObject","inLanguage":"ca","@id":"https:\/\/deltashrimps.es\/ca\/producte\/cues-de-llagostins-tandoori-express\/#primaryimage","url":"https:\/\/deltashrimps.es\/wp-content\/uploads\/2024\/05\/03.jpg","contentUrl":"https:\/\/deltashrimps.es\/wp-content\/uploads\/2024\/05\/03.jpg","width":625,"height":463},{"@type":"BreadcrumbList","@id":"https:\/\/deltashrimps.es\/ca\/producte\/cues-de-llagostins-tandoori-express\/#breadcrumb","itemListElement":[{"@type":"ListItem","position":1,"name":"Portada","item":"https:\/\/deltashrimps.es\/ca\/inici\/"},{"@type":"ListItem","position":2,"name":"Shop","item":"https:\/\/deltashrimps.es\/?page_id=922"},{"@type":"ListItem","position":3,"name":"CUES DE LLAGOSTINS TANDOORI EXPRESS"}]},{"@type":"WebSite","@id":"https:\/\/deltashrimps.es\/#website","url":"https:\/\/deltashrimps.es\/","name":"Delta Shrimps","description":"Delta Shrimps","potentialAction":[{"@type":"SearchAction","target":{"@type":"EntryPoint","urlTemplate":"https:\/\/deltashrimps.es\/?s={search_term_string}"},"query-input":"required name=search_term_string"}],"inLanguage":"ca"}]}},"_links":{"self":[{"href":"https:\/\/deltashrimps.es\/ca\/wp-json\/wp\/v2\/product\/1282"}],"collection":[{"href":"https:\/\/deltashrimps.es\/ca\/wp-json\/wp\/v2\/product"}],"about":[{"href":"https:\/\/deltashrimps.es\/ca\/wp-json\/wp\/v2\/types\/product"}],"replies":[{"embeddable":true,"href":"https:\/\/deltashrimps.es\/ca\/wp-json\/wp\/v2\/comments?post=1282"}],"wp:featuredmedia":[{"embeddable":true,"href":"https:\/\/deltashrimps.es\/ca\/wp-json\/wp\/v2\/media\/987"}],"wp:attachment":[{"href":"https:\/\/deltashrimps.es\/ca\/wp-json\/wp\/v2\/media?parent=1282"}],"wp:term":[{"taxonomy":"product_cat","embeddable":true,"href":"https:\/\/deltashrimps.es\/ca\/wp-json\/wp\/v2\/product_cat?post=1282"},{"taxonomy":"product_tag","embeddable":true,"href":"https:\/\/deltashrimps.es\/ca\/wp-json\/wp\/v2\/product_tag?post=1282"}],"curies":[{"name":"wp","href":"https:\/\/api.w.org\/{rel}","templated":true}]}}