{"id":1268,"date":"2024-05-27T12:54:25","date_gmt":"2024-05-27T10:54:25","guid":{"rendered":"https:\/\/deltashrimps.es\/product\/volovanes-rellenos-de-colas-de-langostino-pe\/"},"modified":"2024-06-14T10:23:53","modified_gmt":"2024-06-14T08:23:53","slug":"volovans-farcits-de-cues-de-llongosti-pe","status":"publish","type":"product","link":"https:\/\/deltashrimps.es\/ca\/producte\/volovans-farcits-de-cues-de-llongosti-pe\/","title":{"rendered":"VOLOVANS FARCITS DE CUES DE LLONGOST\u00cd PE"},"content":{"rendered":"<p>Ingredients:<\/p>\n<p>6 volovans grans<\/p>\n<p>300 ml. llet<\/p>\n<p>170 gr. filets llu\u00e7<\/p>\n<p>100 gr. cues llagost\u00ed Cocktail First P.<\/p>\n<p>\u00bd ceba<\/p>\n<p>1 culleradeta de farina.<\/p>\n<p>formatge ratllat per gratinar<\/p>\n<p>oli oliva, sal. julivert.<\/p>\n<p>En una paella amb un raig d&#8217;oli d&#8217;oliva escalfem la ceba picada molt petita, quan estigui daurada, afegiu-hi el llu\u00e7 tamb\u00e9 picat, afegiu-hi un pessic de sal. Quan estigui el peix cuit abocar les cues de llagost\u00ed Cocktail First P. i barrejar tot b\u00e9, Afegir la culleradeta de farina, melar, i la llet sense deixar de remenar fins obtenir una beixamel.<\/p>\n<p>Col\u00b7loqueu els volovans sobre una safata coberta amb paper de forn i ompliu-los, amb ajuda d&#8217;una m\u00e0niga pastissera, amb la barreja de cua llagost\u00ed i llu\u00e7. Afegir el formatge ratllat per sobre i gratinar a m\u00e0xima pot\u00e8ncia uns 5 minuts. fins que el formatge estigui fos.<\/p>\n<p>Adornar amb julivert tallat petit per sobre.<\/p>\n","protected":false},"excerpt":{"rendered":"<p>Ingredients: 6 volovans grans 300 ml. llet 170 gr. filets llu\u00e7 100 gr. cues llagost\u00ed Cocktail First P. \u00bd ceba 1 culleradeta de farina. formatge ratllat per gratinar oli oliva, sal. julivert. En una paella amb un raig d&#8217;oli d&#8217;oliva escalfem la ceba picada molt petita, quan estigui daurada, afegiu-hi el llu\u00e7 tamb\u00e9 picat, afegiu-hi [&hellip;]<\/p>\n","protected":false},"featured_media":1008,"comment_status":"closed","ping_status":"closed","template":"","meta":[],"product_cat":[48],"product_tag":[],"yoast_head":"<!-- This site is optimized with the Yoast SEO plugin v22.8 - https:\/\/yoast.com\/wordpress\/plugins\/seo\/ -->\n<title>VOLOVANS FARCITS DE CUES DE LLONGOST\u00cd PE - Delta Shrimps<\/title>\n<meta name=\"robots\" content=\"index, follow, max-snippet:-1, max-image-preview:large, max-video-preview:-1\" \/>\n<link rel=\"canonical\" href=\"https:\/\/deltashrimps.es\/ca\/producte\/volovans-farcits-de-cues-de-llongosti-pe\/\" \/>\n<meta name=\"twitter:label1\" content=\"Temps estimat de lectura\" \/>\n\t<meta name=\"twitter:data1\" content=\"1 minut\" \/>\n<script type=\"application\/ld+json\" class=\"yoast-schema-graph\">{\"@context\":\"https:\/\/schema.org\",\"@graph\":[{\"@type\":\"WebPage\",\"@id\":\"https:\/\/deltashrimps.es\/ca\/producte\/volovans-farcits-de-cues-de-llongosti-pe\/\",\"url\":\"https:\/\/deltashrimps.es\/ca\/producte\/volovans-farcits-de-cues-de-llongosti-pe\/\",\"name\":\"VOLOVANS FARCITS DE CUES DE LLONGOST\u00cd PE - Delta Shrimps\",\"isPartOf\":{\"@id\":\"https:\/\/deltashrimps.es\/#website\"},\"primaryImageOfPage\":{\"@id\":\"https:\/\/deltashrimps.es\/ca\/producte\/volovans-farcits-de-cues-de-llongosti-pe\/#primaryimage\"},\"image\":{\"@id\":\"https:\/\/deltashrimps.es\/ca\/producte\/volovans-farcits-de-cues-de-llongosti-pe\/#primaryimage\"},\"thumbnailUrl\":\"https:\/\/deltashrimps.es\/wp-content\/uploads\/2024\/05\/10.jpg\",\"datePublished\":\"2024-05-27T10:54:25+00:00\",\"dateModified\":\"2024-06-14T08:23:53+00:00\",\"breadcrumb\":{\"@id\":\"https:\/\/deltashrimps.es\/ca\/producte\/volovans-farcits-de-cues-de-llongosti-pe\/#breadcrumb\"},\"inLanguage\":\"ca\",\"potentialAction\":[{\"@type\":\"ReadAction\",\"target\":[\"https:\/\/deltashrimps.es\/ca\/producte\/volovans-farcits-de-cues-de-llongosti-pe\/\"]}]},{\"@type\":\"ImageObject\",\"inLanguage\":\"ca\",\"@id\":\"https:\/\/deltashrimps.es\/ca\/producte\/volovans-farcits-de-cues-de-llongosti-pe\/#primaryimage\",\"url\":\"https:\/\/deltashrimps.es\/wp-content\/uploads\/2024\/05\/10.jpg\",\"contentUrl\":\"https:\/\/deltashrimps.es\/wp-content\/uploads\/2024\/05\/10.jpg\",\"width\":673,\"height\":528},{\"@type\":\"BreadcrumbList\",\"@id\":\"https:\/\/deltashrimps.es\/ca\/producte\/volovans-farcits-de-cues-de-llongosti-pe\/#breadcrumb\",\"itemListElement\":[{\"@type\":\"ListItem\",\"position\":1,\"name\":\"Portada\",\"item\":\"https:\/\/deltashrimps.es\/ca\/inici\/\"},{\"@type\":\"ListItem\",\"position\":2,\"name\":\"Shop\",\"item\":\"https:\/\/deltashrimps.es\/?page_id=922\"},{\"@type\":\"ListItem\",\"position\":3,\"name\":\"VOLOVANS FARCITS DE CUES DE LLONGOST\u00cd PE\"}]},{\"@type\":\"WebSite\",\"@id\":\"https:\/\/deltashrimps.es\/#website\",\"url\":\"https:\/\/deltashrimps.es\/\",\"name\":\"Delta Shrimps\",\"description\":\"Delta Shrimps\",\"potentialAction\":[{\"@type\":\"SearchAction\",\"target\":{\"@type\":\"EntryPoint\",\"urlTemplate\":\"https:\/\/deltashrimps.es\/?s={search_term_string}\"},\"query-input\":\"required name=search_term_string\"}],\"inLanguage\":\"ca\"}]}<\/script>\n<!-- \/ Yoast SEO plugin. -->","yoast_head_json":{"title":"VOLOVANS FARCITS DE CUES DE LLONGOST\u00cd PE - Delta Shrimps","robots":{"index":"index","follow":"follow","max-snippet":"max-snippet:-1","max-image-preview":"max-image-preview:large","max-video-preview":"max-video-preview:-1"},"canonical":"https:\/\/deltashrimps.es\/ca\/producte\/volovans-farcits-de-cues-de-llongosti-pe\/","twitter_misc":{"Temps estimat de lectura":"1 minut"},"schema":{"@context":"https:\/\/schema.org","@graph":[{"@type":"WebPage","@id":"https:\/\/deltashrimps.es\/ca\/producte\/volovans-farcits-de-cues-de-llongosti-pe\/","url":"https:\/\/deltashrimps.es\/ca\/producte\/volovans-farcits-de-cues-de-llongosti-pe\/","name":"VOLOVANS FARCITS DE CUES DE LLONGOST\u00cd PE - Delta Shrimps","isPartOf":{"@id":"https:\/\/deltashrimps.es\/#website"},"primaryImageOfPage":{"@id":"https:\/\/deltashrimps.es\/ca\/producte\/volovans-farcits-de-cues-de-llongosti-pe\/#primaryimage"},"image":{"@id":"https:\/\/deltashrimps.es\/ca\/producte\/volovans-farcits-de-cues-de-llongosti-pe\/#primaryimage"},"thumbnailUrl":"https:\/\/deltashrimps.es\/wp-content\/uploads\/2024\/05\/10.jpg","datePublished":"2024-05-27T10:54:25+00:00","dateModified":"2024-06-14T08:23:53+00:00","breadcrumb":{"@id":"https:\/\/deltashrimps.es\/ca\/producte\/volovans-farcits-de-cues-de-llongosti-pe\/#breadcrumb"},"inLanguage":"ca","potentialAction":[{"@type":"ReadAction","target":["https:\/\/deltashrimps.es\/ca\/producte\/volovans-farcits-de-cues-de-llongosti-pe\/"]}]},{"@type":"ImageObject","inLanguage":"ca","@id":"https:\/\/deltashrimps.es\/ca\/producte\/volovans-farcits-de-cues-de-llongosti-pe\/#primaryimage","url":"https:\/\/deltashrimps.es\/wp-content\/uploads\/2024\/05\/10.jpg","contentUrl":"https:\/\/deltashrimps.es\/wp-content\/uploads\/2024\/05\/10.jpg","width":673,"height":528},{"@type":"BreadcrumbList","@id":"https:\/\/deltashrimps.es\/ca\/producte\/volovans-farcits-de-cues-de-llongosti-pe\/#breadcrumb","itemListElement":[{"@type":"ListItem","position":1,"name":"Portada","item":"https:\/\/deltashrimps.es\/ca\/inici\/"},{"@type":"ListItem","position":2,"name":"Shop","item":"https:\/\/deltashrimps.es\/?page_id=922"},{"@type":"ListItem","position":3,"name":"VOLOVANS FARCITS DE CUES DE LLONGOST\u00cd PE"}]},{"@type":"WebSite","@id":"https:\/\/deltashrimps.es\/#website","url":"https:\/\/deltashrimps.es\/","name":"Delta Shrimps","description":"Delta Shrimps","potentialAction":[{"@type":"SearchAction","target":{"@type":"EntryPoint","urlTemplate":"https:\/\/deltashrimps.es\/?s={search_term_string}"},"query-input":"required name=search_term_string"}],"inLanguage":"ca"}]}},"_links":{"self":[{"href":"https:\/\/deltashrimps.es\/ca\/wp-json\/wp\/v2\/product\/1268"}],"collection":[{"href":"https:\/\/deltashrimps.es\/ca\/wp-json\/wp\/v2\/product"}],"about":[{"href":"https:\/\/deltashrimps.es\/ca\/wp-json\/wp\/v2\/types\/product"}],"replies":[{"embeddable":true,"href":"https:\/\/deltashrimps.es\/ca\/wp-json\/wp\/v2\/comments?post=1268"}],"wp:featuredmedia":[{"embeddable":true,"href":"https:\/\/deltashrimps.es\/ca\/wp-json\/wp\/v2\/media\/1008"}],"wp:attachment":[{"href":"https:\/\/deltashrimps.es\/ca\/wp-json\/wp\/v2\/media?parent=1268"}],"wp:term":[{"taxonomy":"product_cat","embeddable":true,"href":"https:\/\/deltashrimps.es\/ca\/wp-json\/wp\/v2\/product_cat?post=1268"},{"taxonomy":"product_tag","embeddable":true,"href":"https:\/\/deltashrimps.es\/ca\/wp-json\/wp\/v2\/product_tag?post=1268"}],"curies":[{"name":"wp","href":"https:\/\/api.w.org\/{rel}","templated":true}]}}