{"id":1262,"date":"2024-05-27T14:50:51","date_gmt":"2024-05-27T12:50:51","guid":{"rendered":"https:\/\/deltashrimps.es\/product\/gamba-salada-cocida-500gr\/"},"modified":"2024-06-14T10:23:50","modified_gmt":"2024-06-14T08:23:50","slug":"gamba-salada-cuita-500gr","status":"publish","type":"product","link":"https:\/\/deltashrimps.es\/ca\/producte\/gamba-salada-cuita-500gr\/","title":{"rendered":"Gamba Salada Cuita 500gr"},"content":{"rendered":"<p>Producte provinent de la pesca de l&#8217;Atl\u00e0ntic Est, seleccionada i congelada immediatament al mateix vaixell pesquer.<\/p>\n<p>Un cop a les nostres instal\u00b7lacions iniciem el proc\u00e9s d&#8217;elaboraci\u00f3, cocci\u00f3, envasament i refrigeraci\u00f3. Aix\u00f2 garanteix un sabor i textura inigualables.<\/p>\n<p>La servim en 3 formats: 250gr, 400gr i 500gr.<\/p>\n","protected":false},"excerpt":{"rendered":"<p>Producte provinent de la pesca de l&#8217;Atl\u00e0ntic Est, seleccionada i congelada immediatament al mateix vaixell pesquer. Un cop a les nostres instal\u00b7lacions iniciem el proc\u00e9s d&#8217;elaboraci\u00f3, cocci\u00f3, envasament i refrigeraci\u00f3. Aix\u00f2 garanteix un sabor i textura inigualables. La servim en 3 formats: 250gr, 400gr i 500gr.<\/p>\n","protected":false},"featured_media":613,"comment_status":"closed","ping_status":"closed","template":"","meta":[],"product_cat":[40,44],"product_tag":[],"yoast_head":"<!-- This site is optimized with the Yoast SEO plugin v22.8 - https:\/\/yoast.com\/wordpress\/plugins\/seo\/ -->\n<title>Gamba Salada Cuita 500gr - Delta Shrimps<\/title>\n<meta name=\"robots\" content=\"index, follow, max-snippet:-1, max-image-preview:large, max-video-preview:-1\" \/>\n<link rel=\"canonical\" href=\"https:\/\/deltashrimps.es\/ca\/producte\/gamba-salada-cuita-500gr\/\" \/>\n<meta name=\"twitter:label1\" content=\"Temps estimat de lectura\" \/>\n\t<meta name=\"twitter:data1\" content=\"1 minut\" \/>\n<script type=\"application\/ld+json\" class=\"yoast-schema-graph\">{\"@context\":\"https:\/\/schema.org\",\"@graph\":[{\"@type\":\"WebPage\",\"@id\":\"https:\/\/deltashrimps.es\/ca\/producte\/gamba-salada-cuita-500gr\/\",\"url\":\"https:\/\/deltashrimps.es\/ca\/producte\/gamba-salada-cuita-500gr\/\",\"name\":\"Gamba Salada Cuita 500gr - Delta Shrimps\",\"isPartOf\":{\"@id\":\"https:\/\/deltashrimps.es\/#website\"},\"primaryImageOfPage\":{\"@id\":\"https:\/\/deltashrimps.es\/ca\/producte\/gamba-salada-cuita-500gr\/#primaryimage\"},\"image\":{\"@id\":\"https:\/\/deltashrimps.es\/ca\/producte\/gamba-salada-cuita-500gr\/#primaryimage\"},\"thumbnailUrl\":\"https:\/\/deltashrimps.es\/wp-content\/uploads\/2022\/09\/gamba-salada-500gr.jpg\",\"datePublished\":\"2024-05-27T12:50:51+00:00\",\"dateModified\":\"2024-06-14T08:23:50+00:00\",\"breadcrumb\":{\"@id\":\"https:\/\/deltashrimps.es\/ca\/producte\/gamba-salada-cuita-500gr\/#breadcrumb\"},\"inLanguage\":\"ca\",\"potentialAction\":[{\"@type\":\"ReadAction\",\"target\":[\"https:\/\/deltashrimps.es\/ca\/producte\/gamba-salada-cuita-500gr\/\"]}]},{\"@type\":\"ImageObject\",\"inLanguage\":\"ca\",\"@id\":\"https:\/\/deltashrimps.es\/ca\/producte\/gamba-salada-cuita-500gr\/#primaryimage\",\"url\":\"https:\/\/deltashrimps.es\/wp-content\/uploads\/2022\/09\/gamba-salada-500gr.jpg\",\"contentUrl\":\"https:\/\/deltashrimps.es\/wp-content\/uploads\/2022\/09\/gamba-salada-500gr.jpg\",\"width\":1024,\"height\":687},{\"@type\":\"BreadcrumbList\",\"@id\":\"https:\/\/deltashrimps.es\/ca\/producte\/gamba-salada-cuita-500gr\/#breadcrumb\",\"itemListElement\":[{\"@type\":\"ListItem\",\"position\":1,\"name\":\"Portada\",\"item\":\"https:\/\/deltashrimps.es\/ca\/inici\/\"},{\"@type\":\"ListItem\",\"position\":2,\"name\":\"Shop\",\"item\":\"https:\/\/deltashrimps.es\/?page_id=922\"},{\"@type\":\"ListItem\",\"position\":3,\"name\":\"Gamba Salada Cuita 500gr\"}]},{\"@type\":\"WebSite\",\"@id\":\"https:\/\/deltashrimps.es\/#website\",\"url\":\"https:\/\/deltashrimps.es\/\",\"name\":\"Delta Shrimps\",\"description\":\"Delta Shrimps\",\"potentialAction\":[{\"@type\":\"SearchAction\",\"target\":{\"@type\":\"EntryPoint\",\"urlTemplate\":\"https:\/\/deltashrimps.es\/?s={search_term_string}\"},\"query-input\":\"required name=search_term_string\"}],\"inLanguage\":\"ca\"}]}<\/script>\n<!-- \/ Yoast SEO plugin. -->","yoast_head_json":{"title":"Gamba Salada Cuita 500gr - Delta Shrimps","robots":{"index":"index","follow":"follow","max-snippet":"max-snippet:-1","max-image-preview":"max-image-preview:large","max-video-preview":"max-video-preview:-1"},"canonical":"https:\/\/deltashrimps.es\/ca\/producte\/gamba-salada-cuita-500gr\/","twitter_misc":{"Temps estimat de lectura":"1 minut"},"schema":{"@context":"https:\/\/schema.org","@graph":[{"@type":"WebPage","@id":"https:\/\/deltashrimps.es\/ca\/producte\/gamba-salada-cuita-500gr\/","url":"https:\/\/deltashrimps.es\/ca\/producte\/gamba-salada-cuita-500gr\/","name":"Gamba Salada Cuita 500gr - Delta Shrimps","isPartOf":{"@id":"https:\/\/deltashrimps.es\/#website"},"primaryImageOfPage":{"@id":"https:\/\/deltashrimps.es\/ca\/producte\/gamba-salada-cuita-500gr\/#primaryimage"},"image":{"@id":"https:\/\/deltashrimps.es\/ca\/producte\/gamba-salada-cuita-500gr\/#primaryimage"},"thumbnailUrl":"https:\/\/deltashrimps.es\/wp-content\/uploads\/2022\/09\/gamba-salada-500gr.jpg","datePublished":"2024-05-27T12:50:51+00:00","dateModified":"2024-06-14T08:23:50+00:00","breadcrumb":{"@id":"https:\/\/deltashrimps.es\/ca\/producte\/gamba-salada-cuita-500gr\/#breadcrumb"},"inLanguage":"ca","potentialAction":[{"@type":"ReadAction","target":["https:\/\/deltashrimps.es\/ca\/producte\/gamba-salada-cuita-500gr\/"]}]},{"@type":"ImageObject","inLanguage":"ca","@id":"https:\/\/deltashrimps.es\/ca\/producte\/gamba-salada-cuita-500gr\/#primaryimage","url":"https:\/\/deltashrimps.es\/wp-content\/uploads\/2022\/09\/gamba-salada-500gr.jpg","contentUrl":"https:\/\/deltashrimps.es\/wp-content\/uploads\/2022\/09\/gamba-salada-500gr.jpg","width":1024,"height":687},{"@type":"BreadcrumbList","@id":"https:\/\/deltashrimps.es\/ca\/producte\/gamba-salada-cuita-500gr\/#breadcrumb","itemListElement":[{"@type":"ListItem","position":1,"name":"Portada","item":"https:\/\/deltashrimps.es\/ca\/inici\/"},{"@type":"ListItem","position":2,"name":"Shop","item":"https:\/\/deltashrimps.es\/?page_id=922"},{"@type":"ListItem","position":3,"name":"Gamba Salada Cuita 500gr"}]},{"@type":"WebSite","@id":"https:\/\/deltashrimps.es\/#website","url":"https:\/\/deltashrimps.es\/","name":"Delta Shrimps","description":"Delta Shrimps","potentialAction":[{"@type":"SearchAction","target":{"@type":"EntryPoint","urlTemplate":"https:\/\/deltashrimps.es\/?s={search_term_string}"},"query-input":"required name=search_term_string"}],"inLanguage":"ca"}]}},"_links":{"self":[{"href":"https:\/\/deltashrimps.es\/ca\/wp-json\/wp\/v2\/product\/1262"}],"collection":[{"href":"https:\/\/deltashrimps.es\/ca\/wp-json\/wp\/v2\/product"}],"about":[{"href":"https:\/\/deltashrimps.es\/ca\/wp-json\/wp\/v2\/types\/product"}],"replies":[{"embeddable":true,"href":"https:\/\/deltashrimps.es\/ca\/wp-json\/wp\/v2\/comments?post=1262"}],"wp:featuredmedia":[{"embeddable":true,"href":"https:\/\/deltashrimps.es\/ca\/wp-json\/wp\/v2\/media\/613"}],"wp:attachment":[{"href":"https:\/\/deltashrimps.es\/ca\/wp-json\/wp\/v2\/media?parent=1262"}],"wp:term":[{"taxonomy":"product_cat","embeddable":true,"href":"https:\/\/deltashrimps.es\/ca\/wp-json\/wp\/v2\/product_cat?post=1262"},{"taxonomy":"product_tag","embeddable":true,"href":"https:\/\/deltashrimps.es\/ca\/wp-json\/wp\/v2\/product_tag?post=1262"}],"curies":[{"name":"wp","href":"https:\/\/api.w.org\/{rel}","templated":true}]}}