{"id":237,"date":"2018-02-28T14:41:01","date_gmt":"2018-02-28T12:41:01","guid":{"rendered":"https:\/\/deltashrimps.es\/?page_id=237"},"modified":"2025-08-19T09:19:11","modified_gmt":"2025-08-19T07:19:11","slug":"inici","status":"publish","type":"page","link":"https:\/\/deltashrimps.es\/ca\/","title":{"rendered":"Inici"},"content":{"rendered":"<div id='layer_slider_1'  class='avia-layerslider main_color avia-shadow  avia-builder-el-0  el_before_av_one_fifth  avia-builder-el-first  container_wrap sidebar_right'  style='height: 471px; max-width: 1600px; margin: 0 auto;'  ><\/div><div id='after_layer_slider_1'  class='main_color av_default_container_wrap container_wrap sidebar_right'  ><div class='container av-section-cont-open' ><div class='template-page content  av-content-small alpha units'><div class='post-entry post-entry-type-page post-entry-237'><div class='entry-content-wrapper clearfix'>\n\n<style type=\"text\/css\" data-created_by=\"avia_inline_auto\" id=\"style-css-av-1b1t19-c5b29b64c5fbc0cd3a240db49954314f\">\n.flex_column.av-1b1t19-c5b29b64c5fbc0cd3a240db49954314f{\n-webkit-border-radius:0px 0px 0px 0px;\n-moz-border-radius:0px 0px 0px 0px;\nborder-radius:0px 0px 0px 0px;\npadding:0px 0px 0px 0px;\n}\n<\/style>\n<div  class='flex_column av-1b1t19-c5b29b64c5fbc0cd3a240db49954314f av_one_fifth  avia-builder-el-1  el_after_av_layerslider  el_before_av_three_fifth  avia-builder-el-first  first flex_column_div av-zero-column-padding  '     ><\/div>\n\n<style type=\"text\/css\" data-created_by=\"avia_inline_auto\" id=\"style-css-av-13dak5-e1ce1d7102dd539161bd01d9df79d2eb\">\n.flex_column.av-13dak5-e1ce1d7102dd539161bd01d9df79d2eb{\n-webkit-border-radius:0px 0px 0px 0px;\n-moz-border-radius:0px 0px 0px 0px;\nborder-radius:0px 0px 0px 0px;\npadding:0px 0px 0px 0px;\n}\n<\/style>\n<div  class='flex_column av-13dak5-e1ce1d7102dd539161bd01d9df79d2eb av_three_fifth  avia-builder-el-2  el_after_av_one_fifth  el_before_av_hr  flex_column_div av-zero-column-padding  '     ><style type=\"text\/css\" data-created_by=\"avia_inline_auto\" id=\"style-css-av-xs84t-a7f38a06f07e97e5db4191d2725231c7\">\n#top .av_textblock_section.av-xs84t-a7f38a06f07e97e5db4191d2725231c7 .avia_textblock{\ncolor:#184272;\n}\n<\/style>\n<section  class='av_textblock_section av-xs84t-a7f38a06f07e97e5db4191d2725231c7 '   itemscope=\"itemscope\" itemtype=\"https:\/\/schema.org\/CreativeWork\" ><div class='avia_textblock av_inherit_color'  itemprop=\"text\" ><h1 style=\"text-align: center;\">DELTA SHRIMPS<\/h1>\n<\/div><\/section><br \/>\n<section  class='av_textblock_section av-kky2icfz-7e5c81e2681eddab02ac9a0a5c632d53 '   itemscope=\"itemscope\" itemtype=\"https:\/\/schema.org\/CreativeWork\" ><div class='avia_textblock'  itemprop=\"text\" ><div class=\"lRu31\" dir=\"ltr\" style=\"text-align: center;\"><span class=\"HwtZe\" lang=\"ca\"><span class=\"jCAhz\"><span class=\"ryNqvb\"><strong>Delta Shrimps<\/strong> \u00e9s una empresa consolidada que aquest any 2025 ha complert <strong>25 ANYS<\/strong> de producci\u00f3, millorant dia a dia.<\/span><\/span> <span class=\"jCAhz\"><span class=\"ryNqvb\">Amb una organitzaci\u00f3 jove en constant creixement.<\/span><\/span> <span class=\"jCAhz\"><span class=\"ryNqvb\">Tenim un objectiu clar: oferir la millor qualitat als seus productes, aix\u00ed com l&#8217;atenci\u00f3 i el servei als nostres clients.<\/span><\/span><\/span><\/div>\n<div dir=\"ltr\" style=\"text-align: center;\"><\/div>\n<div class=\"lRu31\" dir=\"ltr\" style=\"text-align: center;\"><span class=\"HwtZe\" lang=\"ca\"><span class=\"jCAhz ChMk0b\"><span class=\"ryNqvb\"><strong>Delta Shrimps<\/strong> t\u00e9 dues l\u00ednies de productes dirigits al canal horeca i canal supermercat.<\/span><\/span><\/span><\/div>\n<p style=\"text-align: center;\">La tra\u00e7abilitat dels nostres productes abasta des de l&#8217;origen \u2013 zones de pesca, zones de cultiu o en el cas dels surimis, factories \u2013 fins al punt de venda \u2013 supermercats \u2013 o punt de consum \u2013 horeca \u2013, i permet donar una continu\u00eftat i una qualitat constant dels nostres productes als nostres clients.<\/p>\n<\/div><\/section><\/p><\/div>\n<style type=\"text\/css\" data-created_by=\"avia_inline_auto\" id=\"style-css-av-2mfvh-79e391702a7bb236ce5b4718fd3d989e\">\n#top .hr.hr-invisible.av-2mfvh-79e391702a7bb236ce5b4718fd3d989e{\nheight:30px;\n}\n<\/style>\n<div  class='hr av-2mfvh-79e391702a7bb236ce5b4718fd3d989e hr-invisible  avia-builder-el-5  el_after_av_three_fifth  el_before_av_button '><span class='hr-inner '><span class=\"hr-inner-style\"><\/span><\/span><\/div><\/p>\n<div  class='avia-button-wrap av-nsz9h-a6534722cf20a07a881a00c07063317d-wrap avia-button-center  avia-builder-el-6  el_after_av_hr  el_before_av_hr '><a href='https:\/\/deltashrimps.es\/ca\/productes\/'  class='avia-button av-nsz9h-a6534722cf20a07a881a00c07063317d avia-icon_select-no avia-size-large avia-position-center avia-color-theme-color'  ><span class='avia_iconbox_title' >Veure productes<\/span><\/a><\/div>\n\n<style type=\"text\/css\" data-created_by=\"avia_inline_auto\" id=\"style-css-av-eduxh-e77f22fb53b48df7285cc5a35ef07a15\">\n#top .hr.hr-invisible.av-eduxh-e77f22fb53b48df7285cc5a35ef07a15{\nheight:20px;\n}\n<\/style>\n<div  class='hr av-eduxh-e77f22fb53b48df7285cc5a35ef07a15 hr-invisible  avia-builder-el-7  el_after_av_button  el_before_av_button '><span class='hr-inner '><span class=\"hr-inner-style\"><\/span><\/span><\/div>\n<div  class='avia-button-wrap av-7kqut-37cb02aaedb298eb4e105bbbff3dfecd-wrap avia-button-center  avia-builder-el-8  el_after_av_hr  avia-builder-el-last '><a href='https:\/\/deltashrimps.es\/ca\/contacte\/'  class='avia-button av-7kqut-37cb02aaedb298eb4e105bbbff3dfecd avia-icon_select-no avia-size-large avia-position-center avia-color-dark'  ><span class='avia_iconbox_title' >Contactar<\/span><\/a><\/div>\n","protected":false},"excerpt":{"rendered":"","protected":false},"author":1,"featured_media":0,"parent":0,"menu_order":0,"comment_status":"closed","ping_status":"open","template":"","meta":{"footnotes":""},"yoast_head":"<!-- This site is optimized with the Yoast SEO plugin v22.8 - https:\/\/yoast.com\/wordpress\/plugins\/seo\/ -->\n<title>Delta Shrimps - Inici<\/title>\n<meta name=\"description\" content=\"Delta Shrimps \u00e9s una empresa consolidada amb m\u00e9s de 20 anys de servei als nostres clients, tenint dues l\u00ednies de productes dirigits al canal horeca i canal supermercat amb una organitzaci\u00f3 jove en constant creixement.\" \/>\n<meta name=\"robots\" content=\"index, follow, max-snippet:-1, max-image-preview:large, max-video-preview:-1\" \/>\n<link rel=\"canonical\" href=\"https:\/\/deltashrimps.es\/ca\/inici\/\" \/>\n<meta name=\"twitter:label1\" content=\"Temps estimat de lectura\" \/>\n\t<meta name=\"twitter:data1\" content=\"1 minut\" \/>\n<script type=\"application\/ld+json\" class=\"yoast-schema-graph\">{\"@context\":\"https:\/\/schema.org\",\"@graph\":[{\"@type\":\"WebPage\",\"@id\":\"https:\/\/deltashrimps.es\/ca\/inici\/\",\"url\":\"https:\/\/deltashrimps.es\/ca\/inici\/\",\"name\":\"Delta Shrimps - Inici\",\"isPartOf\":{\"@id\":\"https:\/\/deltashrimps.es\/#website\"},\"datePublished\":\"2018-02-28T12:41:01+00:00\",\"dateModified\":\"2025-08-19T07:19:11+00:00\",\"description\":\"Delta Shrimps \u00e9s una empresa consolidada amb m\u00e9s de 20 anys de servei als nostres clients, tenint dues l\u00ednies de productes dirigits al canal horeca i canal supermercat amb una organitzaci\u00f3 jove en constant creixement.\",\"breadcrumb\":{\"@id\":\"https:\/\/deltashrimps.es\/ca\/inici\/#breadcrumb\"},\"inLanguage\":\"ca\",\"potentialAction\":[{\"@type\":\"ReadAction\",\"target\":[\"https:\/\/deltashrimps.es\/ca\/inici\/\"]}]},{\"@type\":\"BreadcrumbList\",\"@id\":\"https:\/\/deltashrimps.es\/ca\/inici\/#breadcrumb\",\"itemListElement\":[{\"@type\":\"ListItem\",\"position\":1,\"name\":\"Portada\",\"item\":\"https:\/\/deltashrimps.es\/ca\/inici\/\"},{\"@type\":\"ListItem\",\"position\":2,\"name\":\"Inici\"}]},{\"@type\":\"WebSite\",\"@id\":\"https:\/\/deltashrimps.es\/#website\",\"url\":\"https:\/\/deltashrimps.es\/\",\"name\":\"Delta Shrimps\",\"description\":\"Delta Shrimps\",\"potentialAction\":[{\"@type\":\"SearchAction\",\"target\":{\"@type\":\"EntryPoint\",\"urlTemplate\":\"https:\/\/deltashrimps.es\/?s={search_term_string}\"},\"query-input\":\"required name=search_term_string\"}],\"inLanguage\":\"ca\"}]}<\/script>\n<!-- \/ Yoast SEO plugin. -->","yoast_head_json":{"title":"Delta Shrimps - Inici","description":"Delta Shrimps \u00e9s una empresa consolidada amb m\u00e9s de 20 anys de servei als nostres clients, tenint dues l\u00ednies de productes dirigits al canal horeca i canal supermercat amb una organitzaci\u00f3 jove en constant creixement.","robots":{"index":"index","follow":"follow","max-snippet":"max-snippet:-1","max-image-preview":"max-image-preview:large","max-video-preview":"max-video-preview:-1"},"canonical":"https:\/\/deltashrimps.es\/ca\/inici\/","twitter_misc":{"Temps estimat de lectura":"1 minut"},"schema":{"@context":"https:\/\/schema.org","@graph":[{"@type":"WebPage","@id":"https:\/\/deltashrimps.es\/ca\/inici\/","url":"https:\/\/deltashrimps.es\/ca\/inici\/","name":"Delta Shrimps - Inici","isPartOf":{"@id":"https:\/\/deltashrimps.es\/#website"},"datePublished":"2018-02-28T12:41:01+00:00","dateModified":"2025-08-19T07:19:11+00:00","description":"Delta Shrimps \u00e9s una empresa consolidada amb m\u00e9s de 20 anys de servei als nostres clients, tenint dues l\u00ednies de productes dirigits al canal horeca i canal supermercat amb una organitzaci\u00f3 jove en constant creixement.","breadcrumb":{"@id":"https:\/\/deltashrimps.es\/ca\/inici\/#breadcrumb"},"inLanguage":"ca","potentialAction":[{"@type":"ReadAction","target":["https:\/\/deltashrimps.es\/ca\/inici\/"]}]},{"@type":"BreadcrumbList","@id":"https:\/\/deltashrimps.es\/ca\/inici\/#breadcrumb","itemListElement":[{"@type":"ListItem","position":1,"name":"Portada","item":"https:\/\/deltashrimps.es\/ca\/inici\/"},{"@type":"ListItem","position":2,"name":"Inici"}]},{"@type":"WebSite","@id":"https:\/\/deltashrimps.es\/#website","url":"https:\/\/deltashrimps.es\/","name":"Delta Shrimps","description":"Delta Shrimps","potentialAction":[{"@type":"SearchAction","target":{"@type":"EntryPoint","urlTemplate":"https:\/\/deltashrimps.es\/?s={search_term_string}"},"query-input":"required name=search_term_string"}],"inLanguage":"ca"}]}},"_links":{"self":[{"href":"https:\/\/deltashrimps.es\/ca\/wp-json\/wp\/v2\/pages\/237"}],"collection":[{"href":"https:\/\/deltashrimps.es\/ca\/wp-json\/wp\/v2\/pages"}],"about":[{"href":"https:\/\/deltashrimps.es\/ca\/wp-json\/wp\/v2\/types\/page"}],"author":[{"embeddable":true,"href":"https:\/\/deltashrimps.es\/ca\/wp-json\/wp\/v2\/users\/1"}],"replies":[{"embeddable":true,"href":"https:\/\/deltashrimps.es\/ca\/wp-json\/wp\/v2\/comments?post=237"}],"version-history":[{"count":10,"href":"https:\/\/deltashrimps.es\/ca\/wp-json\/wp\/v2\/pages\/237\/revisions"}],"predecessor-version":[{"id":1615,"href":"https:\/\/deltashrimps.es\/ca\/wp-json\/wp\/v2\/pages\/237\/revisions\/1615"}],"wp:attachment":[{"href":"https:\/\/deltashrimps.es\/ca\/wp-json\/wp\/v2\/media?parent=237"}],"curies":[{"name":"wp","href":"https:\/\/api.w.org\/{rel}","templated":true}]}}