{"id":1238,"date":"2024-05-27T12:24:56","date_gmt":"2024-05-27T10:24:56","guid":{"rendered":"https:\/\/deltashrimps.es\/horeca\/"},"modified":"2024-06-13T19:44:55","modified_gmt":"2024-06-13T17:44:55","slug":"horeca","status":"publish","type":"page","link":"https:\/\/deltashrimps.es\/ca\/horeca\/","title":{"rendered":"Horeca"},"content":{"rendered":"<div id='av_section_1'  class='avia-section av-ykbhw-89d1a6b735c9237e520c46b82f0315a8 main_color avia-section-default avia-no-border-styling  avia-builder-el-0  el_before_av_section  avia-builder-el-first  avia-bg-style-scroll container_wrap sidebar_right'  ><div class='container av-section-cont-open' ><main  role=\"main\" itemprop=\"mainContentOfPage\"  class='template-page content  av-content-small alpha units'><div class='post-entry post-entry-type-page post-entry-1238'><div class='entry-content-wrapper clearfix'>\n\n<style type=\"text\/css\" data-created_by=\"avia_inline_auto\" id=\"style-css-av-lwotnke6-35b66fc66ab50a40cd40483760254c64\">\n#top .av-special-heading.av-lwotnke6-35b66fc66ab50a40cd40483760254c64{\npadding-bottom:10px;\n}\nbody .av-special-heading.av-lwotnke6-35b66fc66ab50a40cd40483760254c64 .av-special-heading-tag .heading-char{\nfont-size:25px;\n}\n.av-special-heading.av-lwotnke6-35b66fc66ab50a40cd40483760254c64 .av-subheading{\nfont-size:15px;\n}\n<\/style>\n<div  class='av-special-heading av-lwotnke6-35b66fc66ab50a40cd40483760254c64 av-special-heading-h1 blockquote modern-quote modern-centered  avia-builder-el-1  el_before_av_hr  avia-builder-el-first '><h1 class='av-special-heading-tag'  itemprop=\"headline\"  >HORECA<\/h1><div class=\"special-heading-border\"><div class=\"special-heading-inner-border\"><\/div><\/div><\/div>\n\n<style type=\"text\/css\" data-created_by=\"avia_inline_auto\" id=\"style-css-av-pga30-87f931c869da97ae275cdfb4f0dfccc6\">\n#top .hr.hr-invisible.av-pga30-87f931c869da97ae275cdfb4f0dfccc6{\nheight:30px;\n}\n<\/style>\n<div  class='hr av-pga30-87f931c869da97ae275cdfb4f0dfccc6 hr-invisible  avia-builder-el-2  el_after_av_heading  el_before_av_one_fifth '><span class='hr-inner '><span class=\"hr-inner-style\"><\/span><\/span><\/div>\n<div  class='flex_column av-km2h8-9d9486c3dd9f933070bf8d140b63e9ec av_one_fifth  avia-builder-el-3  el_after_av_hr  el_before_av_three_fifth  first flex_column_div  '     ><\/div><div  class='flex_column av-ciic4-4893592b7795da293f52b7abdfa3e208 av_three_fifth  avia-builder-el-4  el_after_av_one_fifth  avia-builder-el-last  flex_column_div  '     ><section  class='av_textblock_section av-lwotnt9p-77e837e167c35d9265b3e73bdabe4032 '   itemscope=\"itemscope\" itemtype=\"https:\/\/schema.org\/CreativeWork\" ><div class='avia_textblock'  itemprop=\"text\" ><p style=\"text-align: center;\">El canal HORECA (Hotels, Restaurants i Cafeteries) \u00e9s un pilar fonamental en la distribuci\u00f3 i el consum de productes alimentaris. Aquest sector no sols abasta una \u00e0mplia gamma d&#8217;establiments que ofereixen aliments i begudes, sin\u00f3 que tamb\u00e9 juga un paper crucial a l&#8217;economia global.<\/p>\n<p style=\"text-align: center;\">La ind\u00fastria HORECA \u00e9s din\u00e0mica i diversa, i el seu \u00e8xit dep\u00e8n en gran mesura de la capacitat per adaptar-se a les tend\u00e8ncies canviants i les demandes dels consumidors.<\/p>\n<\/div><\/section><\/div><\/div><\/div><\/main><!-- close content main element --><\/div><\/div>\n<style type=\"text\/css\" data-created_by=\"avia_inline_auto\" id=\"style-css-av-8r9ic-b2d8cce6acf3e1603ef309f45ff6a957\">\n.avia-section.av-8r9ic-b2d8cce6acf3e1603ef309f45ff6a957{\nbackground-color:#f2f2f2;\nbackground-image:unset;\n}\n<\/style>\n<div id='av_section_2'  class='avia-section av-8r9ic-b2d8cce6acf3e1603ef309f45ff6a957 main_color avia-section-default avia-no-border-styling  avia-builder-el-6  el_after_av_section  avia-builder-el-last  avia-bg-style-scroll container_wrap sidebar_right'  ><div class='container av-section-cont-open' ><div class='template-page content  av-content-small alpha units'><div class='post-entry post-entry-type-page post-entry-1238'><div class='entry-content-wrapper clearfix'>\n<div  class='avia-product-slider-container av-lwotnwjt-67e5095301f27773277dbac1df267e5a template-shop avia-content-slider avia-content-grid-active shop_columns_5  avia-builder-el-7  avia-builder-el-no-sibling  avia-content-slider-odd  avia-builder-el-7  avia-builder-el-no-sibling  av-slideshow-ui av-slider-hover-pause av-slideshow-manual av-loop-once av-loop-manual-endless avia-product-slider1' data-slideshow-options=\"{&quot;animation&quot;:&quot;fade&quot;,&quot;autoplay&quot;:false,&quot;loop_autoplay&quot;:&quot;once&quot;,&quot;interval&quot;:5,&quot;loop_manual&quot;:&quot;manual-endless&quot;,&quot;autoplay_stopper&quot;:false,&quot;noNavigation&quot;:false,&quot;bg_slider&quot;:false,&quot;keep_padding&quot;:false,&quot;hoverpause&quot;:true,&quot;show_slide_delay&quot;:0}\"><div class=\"product-sorting\"><ul class=\"sort-param sort-param-order\"><li><span class='currently-selected'>Ordenar per <strong>Default<\/strong><\/span><ul><li class=\"current-param\"><a href='?avia_extended_shop_select=yes&product_order=default' rel=\"nofollow\"><span class='avia-bullet'><\/span>Default<\/a><\/li><li><a href='?avia_extended_shop_select=yes&product_order=menu_order' rel=\"nofollow\"><span class='avia-bullet'><\/span>Custom<\/a><\/li><li><a href='?avia_extended_shop_select=yes&product_order=title' rel=\"nofollow\"><span class='avia-bullet'><\/span>Nom<\/a><\/li><li><a href='?avia_extended_shop_select=yes&product_order=price' rel=\"nofollow\"><span class='avia-bullet'><\/span>Preu<\/a><\/li><li><a href='?avia_extended_shop_select=yes&product_order=date' rel=\"nofollow\"><span class='avia-bullet'><\/span>Data<\/a><\/li><li><a href='?avia_extended_shop_select=yes&product_order=popularity' rel=\"nofollow\"><span class='avia-bullet'><\/span>Popularity (sales)<\/a><\/li><li><a href='?avia_extended_shop_select=yes&product_order=rating' rel=\"nofollow\"><span class='avia-bullet'><\/span>Average rating<\/a><\/li><li><a href='?avia_extended_shop_select=yes&product_order=relevance' rel=\"nofollow\"><span class='avia-bullet'><\/span>Relevance<\/a><\/li><li><a href='?avia_extended_shop_select=yes&product_order=rand' rel=\"nofollow\"><span class='avia-bullet'><\/span>Random<\/a><\/li><li><a href='?avia_extended_shop_select=yes&product_order=id' rel=\"nofollow\"><span class='avia-bullet'><\/span>Product ID<\/a><\/li><\/ul><\/li><\/ul><ul class='sort-param sort-param-count'><li><span class='currently-selected'>Display <strong>30 Productes per p\u00e0gina <\/strong><\/span><ul><li class=\"current-param\"><a href='?paged=1&avia_extended_shop_select=yes&product_count=30' rel=\"nofollow\">\t\t<span class='avia-bullet'><\/span>30 Productes per p\u00e0gina<\/a><\/li><li><a href='?paged=1&avia_extended_shop_select=yes&product_count=60' rel=\"nofollow\">\t<span class='avia-bullet'><\/span>60 Productes per p\u00e0gina<\/a><\/li><li><a href='?paged=1&avia_extended_shop_select=yes&product_count=90' rel=\"nofollow\">\t<span class='avia-bullet'><\/span>90 Productes per p\u00e0gina<\/a><\/li><\/ul><\/li><\/ul><\/div><div class='avia-content-slider-inner'><ul class=\"products\"><li class=\"product type-product post-1258 status-publish first instock product_cat-horeca-ca has-post-thumbnail shipping-taxable product-type-simple\">\n\t<div class='inner_product main_color wrapped_style noLightbox  av-product-class-'><a href=\"https:\/\/deltashrimps.es\/ca\/producte\/cocktail-first-llagosti-g-900g\/\" class=\"woocommerce-LoopProduct-link woocommerce-loop-product__link\"><div class=\"thumbnail_container\"><img loading=\"lazy\" decoding=\"async\" width=\"300\" height=\"300\" src=\"https:\/\/deltashrimps.es\/wp-content\/uploads\/2024\/06\/LANGOSTINO-G-900gr-300x300.jpg\" class=\"wp-image-1142 avia-img-lazy-loading-1142 attachment-woocommerce_thumbnail size-woocommerce_thumbnail wp-post-image\" alt=\"\" srcset=\"https:\/\/deltashrimps.es\/wp-content\/uploads\/2024\/06\/LANGOSTINO-G-900gr-300x300.jpg 300w, https:\/\/deltashrimps.es\/wp-content\/uploads\/2024\/06\/LANGOSTINO-G-900gr-80x80.jpg 80w, https:\/\/deltashrimps.es\/wp-content\/uploads\/2024\/06\/LANGOSTINO-G-900gr-36x36.jpg 36w, https:\/\/deltashrimps.es\/wp-content\/uploads\/2024\/06\/LANGOSTINO-G-900gr-180x180.jpg 180w, https:\/\/deltashrimps.es\/wp-content\/uploads\/2024\/06\/LANGOSTINO-G-900gr-120x120.jpg 120w, https:\/\/deltashrimps.es\/wp-content\/uploads\/2024\/06\/LANGOSTINO-G-900gr-450x450.jpg 450w, https:\/\/deltashrimps.es\/wp-content\/uploads\/2024\/06\/LANGOSTINO-G-900gr-100x100.jpg 100w\" sizes=\"(max-width: 300px) 100vw, 300px\" \/><span class=\"cart-loading\"><\/span><\/div><div class='inner_product_header'><div class='avia-arrow'><\/div><div class='inner_product_header_table'><div class='inner_product_header_cell'><h2 class=\"woocommerce-loop-product__title\">Cocktail First &#8211; LLAGOST\u00cd G 900g<\/h2>\n<\/div><\/div><\/div><\/a><div style='text-align: center;' class='avia_cart_buttons'><a style='float: none; display: inline;' class='button show_details_button' href='https:\/\/deltashrimps.es\/ca\/contacte\/'><span aria-hidden='true' data-av_icon='\ue84b' data-av_iconfont='entypo-fontello'><\/span> Demanar informaci\u00f3<\/a><\/div><\/div><\/li>\n<li class=\"product type-product post-1260 status-publish instock product_cat-horeca-ca has-post-thumbnail shipping-taxable product-type-simple\">\n\t<div class='inner_product main_color wrapped_style noLightbox  av-product-class-'><a href=\"https:\/\/deltashrimps.es\/ca\/producte\/cocktail-first-llagosti-m-900g\/\" class=\"woocommerce-LoopProduct-link woocommerce-loop-product__link\"><div class=\"thumbnail_container\"><img loading=\"lazy\" decoding=\"async\" width=\"300\" height=\"300\" src=\"https:\/\/deltashrimps.es\/wp-content\/uploads\/2024\/06\/LANGOSTINO-M-900-gr-300x300.jpg\" class=\"wp-image-1146 avia-img-lazy-loading-1146 attachment-woocommerce_thumbnail size-woocommerce_thumbnail wp-post-image\" alt=\"\" srcset=\"https:\/\/deltashrimps.es\/wp-content\/uploads\/2024\/06\/LANGOSTINO-M-900-gr-300x300.jpg 300w, https:\/\/deltashrimps.es\/wp-content\/uploads\/2024\/06\/LANGOSTINO-M-900-gr-80x80.jpg 80w, https:\/\/deltashrimps.es\/wp-content\/uploads\/2024\/06\/LANGOSTINO-M-900-gr-36x36.jpg 36w, https:\/\/deltashrimps.es\/wp-content\/uploads\/2024\/06\/LANGOSTINO-M-900-gr-180x180.jpg 180w, https:\/\/deltashrimps.es\/wp-content\/uploads\/2024\/06\/LANGOSTINO-M-900-gr-400x400.jpg 400w, https:\/\/deltashrimps.es\/wp-content\/uploads\/2024\/06\/LANGOSTINO-M-900-gr-120x120.jpg 120w, https:\/\/deltashrimps.es\/wp-content\/uploads\/2024\/06\/LANGOSTINO-M-900-gr-100x100.jpg 100w\" sizes=\"(max-width: 300px) 100vw, 300px\" \/><span class=\"cart-loading\"><\/span><\/div><div class='inner_product_header'><div class='avia-arrow'><\/div><div class='inner_product_header_table'><div class='inner_product_header_cell'><h2 class=\"woocommerce-loop-product__title\">Cocktail First &#8211; LLAGOST\u00cd M 900g<\/h2>\n<\/div><\/div><\/div><\/a><div style='text-align: center;' class='avia_cart_buttons'><a style='float: none; display: inline;' class='button show_details_button' href='https:\/\/deltashrimps.es\/ca\/contacte\/'><span aria-hidden='true' data-av_icon='\ue84b' data-av_iconfont='entypo-fontello'><\/span> Demanar informaci\u00f3<\/a><\/div><\/div><\/li>\n<li class=\"product type-product post-1256 status-publish instock product_cat-horeca-ca has-post-thumbnail shipping-taxable product-type-simple\">\n\t<div class='inner_product main_color wrapped_style noLightbox  av-product-class-'><a href=\"https:\/\/deltashrimps.es\/ca\/producte\/cocktail-first-llagosti-p-900g\/\" class=\"woocommerce-LoopProduct-link woocommerce-loop-product__link\"><div class=\"thumbnail_container\"><img loading=\"lazy\" decoding=\"async\" width=\"300\" height=\"300\" src=\"https:\/\/deltashrimps.es\/wp-content\/uploads\/2024\/06\/LANGOSTINO-P-900-gr-300x300.jpg\" class=\"wp-image-1149 avia-img-lazy-loading-1149 attachment-woocommerce_thumbnail size-woocommerce_thumbnail wp-post-image\" alt=\"\" srcset=\"https:\/\/deltashrimps.es\/wp-content\/uploads\/2024\/06\/LANGOSTINO-P-900-gr-300x300.jpg 300w, https:\/\/deltashrimps.es\/wp-content\/uploads\/2024\/06\/LANGOSTINO-P-900-gr-80x80.jpg 80w, https:\/\/deltashrimps.es\/wp-content\/uploads\/2024\/06\/LANGOSTINO-P-900-gr-36x36.jpg 36w, https:\/\/deltashrimps.es\/wp-content\/uploads\/2024\/06\/LANGOSTINO-P-900-gr-180x180.jpg 180w, https:\/\/deltashrimps.es\/wp-content\/uploads\/2024\/06\/LANGOSTINO-P-900-gr-400x400.jpg 400w, https:\/\/deltashrimps.es\/wp-content\/uploads\/2024\/06\/LANGOSTINO-P-900-gr-120x120.jpg 120w, https:\/\/deltashrimps.es\/wp-content\/uploads\/2024\/06\/LANGOSTINO-P-900-gr-100x100.jpg 100w\" sizes=\"(max-width: 300px) 100vw, 300px\" \/><span class=\"cart-loading\"><\/span><\/div><div class='inner_product_header'><div class='avia-arrow'><\/div><div class='inner_product_header_table'><div class='inner_product_header_cell'><h2 class=\"woocommerce-loop-product__title\">Cocktail First &#8211; LLAGOST\u00cd P 900g<\/h2>\n<\/div><\/div><\/div><\/a><div style='text-align: center;' class='avia_cart_buttons'><a style='float: none; display: inline;' class='button show_details_button' href='https:\/\/deltashrimps.es\/ca\/contacte\/'><span aria-hidden='true' data-av_icon='\ue84b' data-av_iconfont='entypo-fontello'><\/span> Demanar informaci\u00f3<\/a><\/div><\/div><\/li>\n<li class=\"product type-product post-1254 status-publish instock product_cat-horeca-ca has-post-thumbnail shipping-taxable product-type-simple\">\n\t<div class='inner_product main_color wrapped_style noLightbox  av-product-class-'><a href=\"https:\/\/deltashrimps.es\/ca\/producte\/cocktail-first-surimi-900g\/\" class=\"woocommerce-LoopProduct-link woocommerce-loop-product__link\"><div class=\"thumbnail_container\"><img loading=\"lazy\" decoding=\"async\" width=\"300\" height=\"300\" src=\"https:\/\/deltashrimps.es\/wp-content\/uploads\/2024\/06\/SURIMI-900-300x300.jpg\" class=\"wp-image-1152 avia-img-lazy-loading-1152 attachment-woocommerce_thumbnail size-woocommerce_thumbnail wp-post-image\" alt=\"\" srcset=\"https:\/\/deltashrimps.es\/wp-content\/uploads\/2024\/06\/SURIMI-900-300x300.jpg 300w, https:\/\/deltashrimps.es\/wp-content\/uploads\/2024\/06\/SURIMI-900-80x80.jpg 80w, https:\/\/deltashrimps.es\/wp-content\/uploads\/2024\/06\/SURIMI-900-36x36.jpg 36w, https:\/\/deltashrimps.es\/wp-content\/uploads\/2024\/06\/SURIMI-900-180x180.jpg 180w, https:\/\/deltashrimps.es\/wp-content\/uploads\/2024\/06\/SURIMI-900-400x400.jpg 400w, https:\/\/deltashrimps.es\/wp-content\/uploads\/2024\/06\/SURIMI-900-120x120.jpg 120w, https:\/\/deltashrimps.es\/wp-content\/uploads\/2024\/06\/SURIMI-900-100x100.jpg 100w\" sizes=\"(max-width: 300px) 100vw, 300px\" \/><span class=\"cart-loading\"><\/span><\/div><div class='inner_product_header'><div class='avia-arrow'><\/div><div class='inner_product_header_table'><div class='inner_product_header_cell'><h2 class=\"woocommerce-loop-product__title\">Cocktail First &#8211; SURIMI 900g<\/h2>\n<\/div><\/div><\/div><\/a><div style='text-align: center;' class='avia_cart_buttons'><a style='float: none; display: inline;' class='button show_details_button' href='https:\/\/deltashrimps.es\/ca\/contacte\/'><span aria-hidden='true' data-av_icon='\ue84b' data-av_iconfont='entypo-fontello'><\/span> Demanar informaci\u00f3<\/a><\/div><\/div><\/li>\n<li class=\"product type-product post-1577 status-publish last instock product_cat-horeca-ca product_cat-productes has-post-thumbnail shipping-taxable product-type-simple\">\n\t<div class='inner_product main_color wrapped_style noLightbox  av-product-class-'><a href=\"https:\/\/deltashrimps.es\/ca\/producte\/cocktail-first-surimi-copy\/\" class=\"woocommerce-LoopProduct-link woocommerce-loop-product__link\"><div class=\"thumbnail_container\"><img loading=\"lazy\" decoding=\"async\" width=\"300\" height=\"300\" src=\"https:\/\/deltashrimps.es\/wp-content\/uploads\/2024\/07\/FOTO-SURIMI-NARANJA-300x300.jpg\" class=\"wp-image-1580 avia-img-lazy-loading-1580 attachment-woocommerce_thumbnail size-woocommerce_thumbnail wp-post-image\" alt=\"\" srcset=\"https:\/\/deltashrimps.es\/wp-content\/uploads\/2024\/07\/FOTO-SURIMI-NARANJA-300x300.jpg 300w, https:\/\/deltashrimps.es\/wp-content\/uploads\/2024\/07\/FOTO-SURIMI-NARANJA-80x80.jpg 80w, https:\/\/deltashrimps.es\/wp-content\/uploads\/2024\/07\/FOTO-SURIMI-NARANJA-36x36.jpg 36w, https:\/\/deltashrimps.es\/wp-content\/uploads\/2024\/07\/FOTO-SURIMI-NARANJA-180x180.jpg 180w, https:\/\/deltashrimps.es\/wp-content\/uploads\/2024\/07\/FOTO-SURIMI-NARANJA-120x120.jpg 120w, https:\/\/deltashrimps.es\/wp-content\/uploads\/2024\/07\/FOTO-SURIMI-NARANJA-450x450.jpg 450w, https:\/\/deltashrimps.es\/wp-content\/uploads\/2024\/07\/FOTO-SURIMI-NARANJA-100x100.jpg 100w\" sizes=\"(max-width: 300px) 100vw, 300px\" \/><span class=\"cart-loading\"><\/span><\/div><div class='inner_product_header'><div class='avia-arrow'><\/div><div class='inner_product_header_table'><div class='inner_product_header_cell'><h2 class=\"woocommerce-loop-product__title\">SURIMI TARONJA<\/h2>\n<\/div><\/div><\/div><\/a><div style='text-align: center;' class='avia_cart_buttons'><a style='float: none; display: inline;' class='button show_details_button' href='https:\/\/deltashrimps.es\/ca\/contacte\/'><span aria-hidden='true' data-av_icon='\ue84b' data-av_iconfont='entypo-fontello'><\/span> Demanar informaci\u00f3<\/a><\/div><\/div><\/li>\n<\/ul><\/div><\/div><div class=\"clear\"><\/div>\n<\/div><\/div><\/div><!-- close content main div --><\/div><\/div><div id='after_section_2'  class='main_color av_default_container_wrap container_wrap sidebar_right'  ><div class='container av-section-cont-open' ><div class='template-page content  av-content-small alpha units'><div class='post-entry post-entry-type-page post-entry-1238'><div class='entry-content-wrapper clearfix'><\/p>\n","protected":false},"excerpt":{"rendered":"","protected":false},"author":1,"featured_media":0,"parent":0,"menu_order":200,"comment_status":"closed","ping_status":"closed","template":"","meta":{"footnotes":""},"yoast_head":"<!-- This site is optimized with the Yoast SEO plugin v22.8 - https:\/\/yoast.com\/wordpress\/plugins\/seo\/ -->\n<title>Horeca - Delta Shrimps<\/title>\n<meta name=\"robots\" content=\"index, follow, max-snippet:-1, max-image-preview:large, max-video-preview:-1\" \/>\n<link rel=\"canonical\" href=\"https:\/\/deltashrimps.es\/ca\/horeca\/\" \/>\n<meta name=\"twitter:label1\" content=\"Temps estimat de lectura\" \/>\n\t<meta name=\"twitter:data1\" content=\"2 minuts\" \/>\n<script type=\"application\/ld+json\" class=\"yoast-schema-graph\">{\"@context\":\"https:\/\/schema.org\",\"@graph\":[{\"@type\":\"WebPage\",\"@id\":\"https:\/\/deltashrimps.es\/ca\/horeca\/\",\"url\":\"https:\/\/deltashrimps.es\/ca\/horeca\/\",\"name\":\"Horeca - Delta Shrimps\",\"isPartOf\":{\"@id\":\"https:\/\/deltashrimps.es\/#website\"},\"datePublished\":\"2024-05-27T10:24:56+00:00\",\"dateModified\":\"2024-06-13T17:44:55+00:00\",\"breadcrumb\":{\"@id\":\"https:\/\/deltashrimps.es\/ca\/horeca\/#breadcrumb\"},\"inLanguage\":\"ca\",\"potentialAction\":[{\"@type\":\"ReadAction\",\"target\":[\"https:\/\/deltashrimps.es\/ca\/horeca\/\"]}]},{\"@type\":\"BreadcrumbList\",\"@id\":\"https:\/\/deltashrimps.es\/ca\/horeca\/#breadcrumb\",\"itemListElement\":[{\"@type\":\"ListItem\",\"position\":1,\"name\":\"Portada\",\"item\":\"https:\/\/deltashrimps.es\/ca\/inici\/\"},{\"@type\":\"ListItem\",\"position\":2,\"name\":\"Horeca\"}]},{\"@type\":\"WebSite\",\"@id\":\"https:\/\/deltashrimps.es\/#website\",\"url\":\"https:\/\/deltashrimps.es\/\",\"name\":\"Delta Shrimps\",\"description\":\"Delta Shrimps\",\"potentialAction\":[{\"@type\":\"SearchAction\",\"target\":{\"@type\":\"EntryPoint\",\"urlTemplate\":\"https:\/\/deltashrimps.es\/?s={search_term_string}\"},\"query-input\":\"required name=search_term_string\"}],\"inLanguage\":\"ca\"}]}<\/script>\n<!-- \/ Yoast SEO plugin. -->","yoast_head_json":{"title":"Horeca - Delta Shrimps","robots":{"index":"index","follow":"follow","max-snippet":"max-snippet:-1","max-image-preview":"max-image-preview:large","max-video-preview":"max-video-preview:-1"},"canonical":"https:\/\/deltashrimps.es\/ca\/horeca\/","twitter_misc":{"Temps estimat de lectura":"2 minuts"},"schema":{"@context":"https:\/\/schema.org","@graph":[{"@type":"WebPage","@id":"https:\/\/deltashrimps.es\/ca\/horeca\/","url":"https:\/\/deltashrimps.es\/ca\/horeca\/","name":"Horeca - Delta Shrimps","isPartOf":{"@id":"https:\/\/deltashrimps.es\/#website"},"datePublished":"2024-05-27T10:24:56+00:00","dateModified":"2024-06-13T17:44:55+00:00","breadcrumb":{"@id":"https:\/\/deltashrimps.es\/ca\/horeca\/#breadcrumb"},"inLanguage":"ca","potentialAction":[{"@type":"ReadAction","target":["https:\/\/deltashrimps.es\/ca\/horeca\/"]}]},{"@type":"BreadcrumbList","@id":"https:\/\/deltashrimps.es\/ca\/horeca\/#breadcrumb","itemListElement":[{"@type":"ListItem","position":1,"name":"Portada","item":"https:\/\/deltashrimps.es\/ca\/inici\/"},{"@type":"ListItem","position":2,"name":"Horeca"}]},{"@type":"WebSite","@id":"https:\/\/deltashrimps.es\/#website","url":"https:\/\/deltashrimps.es\/","name":"Delta Shrimps","description":"Delta Shrimps","potentialAction":[{"@type":"SearchAction","target":{"@type":"EntryPoint","urlTemplate":"https:\/\/deltashrimps.es\/?s={search_term_string}"},"query-input":"required name=search_term_string"}],"inLanguage":"ca"}]}},"_links":{"self":[{"href":"https:\/\/deltashrimps.es\/ca\/wp-json\/wp\/v2\/pages\/1238"}],"collection":[{"href":"https:\/\/deltashrimps.es\/ca\/wp-json\/wp\/v2\/pages"}],"about":[{"href":"https:\/\/deltashrimps.es\/ca\/wp-json\/wp\/v2\/types\/page"}],"author":[{"embeddable":true,"href":"https:\/\/deltashrimps.es\/ca\/wp-json\/wp\/v2\/users\/1"}],"replies":[{"embeddable":true,"href":"https:\/\/deltashrimps.es\/ca\/wp-json\/wp\/v2\/comments?post=1238"}],"version-history":[{"count":4,"href":"https:\/\/deltashrimps.es\/ca\/wp-json\/wp\/v2\/pages\/1238\/revisions"}],"predecessor-version":[{"id":1347,"href":"https:\/\/deltashrimps.es\/ca\/wp-json\/wp\/v2\/pages\/1238\/revisions\/1347"}],"wp:attachment":[{"href":"https:\/\/deltashrimps.es\/ca\/wp-json\/wp\/v2\/media?parent=1238"}],"curies":[{"name":"wp","href":"https:\/\/api.w.org\/{rel}","templated":true}]}}